{"id":93,"date":"2023-11-21T06:50:28","date_gmt":"2023-11-21T05:50:28","guid":{"rendered":"https:\/\/zirkonshop.de\/?post_type=product&#038;p=93"},"modified":"2025-09-12T09:35:14","modified_gmt":"2025-09-12T07:35:14","slug":"elaboro-scan-spray","status":"publish","type":"product","link":"https:\/\/zirkonshop.de\/en\/produkt\/elaboro-scan-spray\/","title":{"rendered":"SCANSPRAY ultrafine extraoral"},"content":{"rendered":"\n<p class=\"has-background\" style=\"background:linear-gradient(135deg,rgb(6,147,227) 0%,rgb(81,190,224) 100%)\"><strong>elaboro <mark style=\"background-color:#ffffff\" class=\"has-inline-color\">SCAN<\/mark><mark style=\"background-color:#000000\" class=\"has-inline-color has-white-color\">SPRAY<\/mark> ultrafine extraoral<\/strong> ist eines der feinsten Partikelsprays zum Mattieren von Modellen, gl\u00e4nzenden, metallenen Teilen, Gingivamasken oder Kunststoffbereichen, die sonst nur schwer oder gar nicht zu erfassen sind. Im Gegensatz zu anderen Marken ist es dabei irrelevant, ob sich auf der Oberfl\u00e4che noch Fettr\u00fcckst\u00e4nde befinden, auch feuchte Oberfl\u00e4chen, wie beispielsweise frisch gegossene oder abgedampfte Modelle, wachsartige, \u00f6lige, spiegelnde und gl\u00e4nzende Teile k\u00f6nnen ohne Probleme durch das Spray in maximaler Genauigkeit erfasst werden.<\/p>\n\n\n\n<p><\/p>\n","protected":false},"excerpt":{"rendered":"<p>ultrafeines Scanspray zur extraoralen Anwendung<\/p>\n<p>\u2022 extrem detailgetreue Abbildung durch sehr feine Partikel (1-2\u00b5m)<\/p>\n<p>\u2022 hohe Opazit\u00e4t<\/p>\n<p>\u2022 frei von TiO2 und Ethanol<\/p>\n<p>\u2022 keine Bildung von Bl\u00e4schen oder Staubflocken<\/p>\n<p>\u2022 sehr sparsam in der Anwendung<\/p>\n<p>\u2022 kein unangenehmer Geruch wie bei sublimierenden Sprays<\/p>\n<p>\u2022 Mattierung auch bei fettiger oder feuchter Oberfl\u00e4che mit sehr feiner Detailgenauigkeit<\/p>\n<p>\u2022 r\u00fcckstandsfreies Abdampfen, auch nach langem \"Anhaften\" am Modell<\/p>\n","protected":false},"featured_media":6319,"template":"","meta":{"_acf_changed":false},"product_brand":[],"product_cat":[300],"product_tag":[],"class_list":{"0":"post-93","1":"product","2":"type-product","3":"status-publish","4":"has-post-thumbnail","6":"product_cat-scanspray","8":"first","9":"instock","10":"taxable","11":"shipping-taxable","12":"purchasable","13":"product-type-simple"},"acf":[],"yoast_head":"<!-- This site is optimized with the Yoast SEO plugin v26.1.1 - https:\/\/yoast.com\/wordpress\/plugins\/seo\/ -->\n<title>SCANSPRAY ultrafine extraoral - ZirkonShop<\/title>\n<meta name=\"robots\" content=\"index, follow, max-snippet:-1, max-image-preview:large, max-video-preview:-1\" \/>\n<link rel=\"canonical\" href=\"https:\/\/zirkonshop.de\/produkt\/elaboro-lisi-pure-2\/\" \/>\n<meta property=\"og:locale\" content=\"en_US\" \/>\n<meta property=\"og:type\" content=\"article\" \/>\n<meta property=\"og:title\" content=\"SCANSPRAY ultrafine extraoral - ZirkonShop\" \/>\n<meta property=\"og:description\" content=\"ultrafeines Scanspray zur extraoralen Anwendung \u2022 extrem detailgetreue Abbildung durch sehr feine Partikel (1-2\u00b5m)  \u2022 hohe Opazit\u00e4t  \u2022 frei von TiO2 und Ethanol  \u2022 keine Bildung von Bl\u00e4schen oder Staubflocken  \u2022 sehr sparsam in der Anwendung  \u2022 kein unangenehmer Geruch wie bei sublimierenden Sprays  \u2022 Mattierung auch bei fettiger oder feuchter Oberfl\u00e4che mit sehr feiner Detailgenauigkeit  \u2022 r\u00fcckstandsfreies Abdampfen, auch nach langem &quot;Anhaften&quot; am Modell\" \/>\n<meta property=\"og:url\" content=\"https:\/\/zirkonshop.de\/produkt\/elaboro-lisi-pure-2\/\" \/>\n<meta property=\"og:site_name\" content=\"ZirkonShop\" \/>\n<meta property=\"article:modified_time\" content=\"2025-09-12T07:35:14+00:00\" \/>\n<meta property=\"og:image\" content=\"https:\/\/zirkonshop.de\/wp-content\/uploads\/2023\/11\/Elaboro-Scan-Spray-1.webp\" \/>\n\t<meta property=\"og:image:width\" content=\"1200\" \/>\n\t<meta property=\"og:image:height\" content=\"1500\" \/>\n\t<meta property=\"og:image:type\" content=\"image\/webp\" \/>\n<meta name=\"twitter:card\" content=\"summary_large_image\" \/>\n<meta name=\"twitter:label1\" content=\"Est. reading time\" \/>\n\t<meta name=\"twitter:data1\" content=\"1 minute\" \/>\n<script type=\"application\/ld+json\" class=\"yoast-schema-graph\">{\"@context\":\"https:\/\/schema.org\",\"@graph\":[{\"@type\":\"WebPage\",\"@id\":\"https:\/\/zirkonshop.de\/produkt\/elaboro-lisi-pure-2\/\",\"url\":\"https:\/\/zirkonshop.de\/produkt\/elaboro-lisi-pure-2\/\",\"name\":\"SCANSPRAY ultrafine extraoral - ZirkonShop\",\"isPartOf\":{\"@id\":\"https:\/\/zirkonshop.de\/#website\"},\"primaryImageOfPage\":{\"@id\":\"https:\/\/zirkonshop.de\/produkt\/elaboro-lisi-pure-2\/#primaryimage\"},\"image\":{\"@id\":\"https:\/\/zirkonshop.de\/produkt\/elaboro-lisi-pure-2\/#primaryimage\"},\"thumbnailUrl\":\"https:\/\/zirkonshop.de\/wp-content\/uploads\/2024\/09\/Scan-Spray-Combo.webp\",\"datePublished\":\"2023-11-21T05:50:28+00:00\",\"dateModified\":\"2025-09-12T07:35:14+00:00\",\"breadcrumb\":{\"@id\":\"https:\/\/zirkonshop.de\/produkt\/elaboro-lisi-pure-2\/#breadcrumb\"},\"inLanguage\":\"en-US\",\"potentialAction\":[{\"@type\":\"ReadAction\",\"target\":[\"https:\/\/zirkonshop.de\/produkt\/elaboro-lisi-pure-2\/\"]}]},{\"@type\":\"ImageObject\",\"inLanguage\":\"en-US\",\"@id\":\"https:\/\/zirkonshop.de\/produkt\/elaboro-lisi-pure-2\/#primaryimage\",\"url\":\"https:\/\/zirkonshop.de\/wp-content\/uploads\/2024\/09\/Scan-Spray-Combo.webp\",\"contentUrl\":\"https:\/\/zirkonshop.de\/wp-content\/uploads\/2024\/09\/Scan-Spray-Combo.webp\",\"width\":1200,\"height\":1500},{\"@type\":\"BreadcrumbList\",\"@id\":\"https:\/\/zirkonshop.de\/produkt\/elaboro-lisi-pure-2\/#breadcrumb\",\"itemListElement\":[{\"@type\":\"ListItem\",\"position\":1,\"name\":\"Startseite\",\"item\":\"https:\/\/zirkonshop.de\/en\/startseite\/\"},{\"@type\":\"ListItem\",\"position\":2,\"name\":\"Shop\",\"item\":\"https:\/\/zirkonshop.de\/shop\/\"},{\"@type\":\"ListItem\",\"position\":3,\"name\":\"SCANSPRAY ultrafine extraoral\"}]},{\"@type\":\"WebSite\",\"@id\":\"https:\/\/zirkonshop.de\/#website\",\"url\":\"https:\/\/zirkonshop.de\/\",\"name\":\"ZirkonShop\",\"description\":\"\",\"potentialAction\":[{\"@type\":\"SearchAction\",\"target\":{\"@type\":\"EntryPoint\",\"urlTemplate\":\"https:\/\/zirkonshop.de\/?s={search_term_string}\"},\"query-input\":{\"@type\":\"PropertyValueSpecification\",\"valueRequired\":true,\"valueName\":\"search_term_string\"}}],\"inLanguage\":\"en-US\"}]}<\/script>\n<!-- \/ Yoast SEO plugin. -->","yoast_head_json":{"title":"SCANSPRAY ultrafine extraoral - ZirkonShop","robots":{"index":"index","follow":"follow","max-snippet":"max-snippet:-1","max-image-preview":"max-image-preview:large","max-video-preview":"max-video-preview:-1"},"canonical":"https:\/\/zirkonshop.de\/produkt\/elaboro-lisi-pure-2\/","og_locale":"en_US","og_type":"article","og_title":"SCANSPRAY ultrafine extraoral - ZirkonShop","og_description":"ultrafeines Scanspray zur extraoralen Anwendung \u2022 extrem detailgetreue Abbildung durch sehr feine Partikel (1-2\u00b5m)  \u2022 hohe Opazit\u00e4t  \u2022 frei von TiO2 und Ethanol  \u2022 keine Bildung von Bl\u00e4schen oder Staubflocken  \u2022 sehr sparsam in der Anwendung  \u2022 kein unangenehmer Geruch wie bei sublimierenden Sprays  \u2022 Mattierung auch bei fettiger oder feuchter Oberfl\u00e4che mit sehr feiner Detailgenauigkeit  \u2022 r\u00fcckstandsfreies Abdampfen, auch nach langem \"Anhaften\" am Modell","og_url":"https:\/\/zirkonshop.de\/produkt\/elaboro-lisi-pure-2\/","og_site_name":"ZirkonShop","article_modified_time":"2025-09-12T07:35:14+00:00","og_image":[{"width":1200,"height":1500,"url":"https:\/\/zirkonshop.de\/wp-content\/uploads\/2023\/11\/Elaboro-Scan-Spray-1.webp","type":"image\/webp"}],"twitter_card":"summary_large_image","twitter_misc":{"Est. reading time":"1 minute"},"schema":{"@context":"https:\/\/schema.org","@graph":[{"@type":"WebPage","@id":"https:\/\/zirkonshop.de\/produkt\/elaboro-lisi-pure-2\/","url":"https:\/\/zirkonshop.de\/produkt\/elaboro-lisi-pure-2\/","name":"SCANSPRAY ultrafine extraoral - ZirkonShop","isPartOf":{"@id":"https:\/\/zirkonshop.de\/#website"},"primaryImageOfPage":{"@id":"https:\/\/zirkonshop.de\/produkt\/elaboro-lisi-pure-2\/#primaryimage"},"image":{"@id":"https:\/\/zirkonshop.de\/produkt\/elaboro-lisi-pure-2\/#primaryimage"},"thumbnailUrl":"https:\/\/zirkonshop.de\/wp-content\/uploads\/2024\/09\/Scan-Spray-Combo.webp","datePublished":"2023-11-21T05:50:28+00:00","dateModified":"2025-09-12T07:35:14+00:00","breadcrumb":{"@id":"https:\/\/zirkonshop.de\/produkt\/elaboro-lisi-pure-2\/#breadcrumb"},"inLanguage":"en-US","potentialAction":[{"@type":"ReadAction","target":["https:\/\/zirkonshop.de\/produkt\/elaboro-lisi-pure-2\/"]}]},{"@type":"ImageObject","inLanguage":"en-US","@id":"https:\/\/zirkonshop.de\/produkt\/elaboro-lisi-pure-2\/#primaryimage","url":"https:\/\/zirkonshop.de\/wp-content\/uploads\/2024\/09\/Scan-Spray-Combo.webp","contentUrl":"https:\/\/zirkonshop.de\/wp-content\/uploads\/2024\/09\/Scan-Spray-Combo.webp","width":1200,"height":1500},{"@type":"BreadcrumbList","@id":"https:\/\/zirkonshop.de\/produkt\/elaboro-lisi-pure-2\/#breadcrumb","itemListElement":[{"@type":"ListItem","position":1,"name":"Startseite","item":"https:\/\/zirkonshop.de\/en\/startseite\/"},{"@type":"ListItem","position":2,"name":"Shop","item":"https:\/\/zirkonshop.de\/shop\/"},{"@type":"ListItem","position":3,"name":"SCANSPRAY ultrafine extraoral"}]},{"@type":"WebSite","@id":"https:\/\/zirkonshop.de\/#website","url":"https:\/\/zirkonshop.de\/","name":"ZirkonShop","description":"","potentialAction":[{"@type":"SearchAction","target":{"@type":"EntryPoint","urlTemplate":"https:\/\/zirkonshop.de\/?s={search_term_string}"},"query-input":{"@type":"PropertyValueSpecification","valueRequired":true,"valueName":"search_term_string"}}],"inLanguage":"en-US"}]}},"_links":{"self":[{"href":"https:\/\/zirkonshop.de\/en\/wp-json\/wp\/v2\/product\/93","targetHints":{"allow":["GET"]}}],"collection":[{"href":"https:\/\/zirkonshop.de\/en\/wp-json\/wp\/v2\/product"}],"about":[{"href":"https:\/\/zirkonshop.de\/en\/wp-json\/wp\/v2\/types\/product"}],"wp:featuredmedia":[{"embeddable":true,"href":"https:\/\/zirkonshop.de\/en\/wp-json\/wp\/v2\/media\/6319"}],"wp:attachment":[{"href":"https:\/\/zirkonshop.de\/en\/wp-json\/wp\/v2\/media?parent=93"}],"wp:term":[{"taxonomy":"product_brand","embeddable":true,"href":"https:\/\/zirkonshop.de\/en\/wp-json\/wp\/v2\/product_brand?post=93"},{"taxonomy":"product_cat","embeddable":true,"href":"https:\/\/zirkonshop.de\/en\/wp-json\/wp\/v2\/product_cat?post=93"},{"taxonomy":"product_tag","embeddable":true,"href":"https:\/\/zirkonshop.de\/en\/wp-json\/wp\/v2\/product_tag?post=93"}],"curies":[{"name":"wp","href":"https:\/\/api.w.org\/{rel}","templated":true}]}}