{"id":7140,"date":"2025-01-24T17:35:05","date_gmt":"2025-01-24T16:35:05","guid":{"rendered":"https:\/\/zirkonshop.de\/?post_type=product&#038;p=7140"},"modified":"2026-01-14T11:31:48","modified_gmt":"2026-01-14T10:31:48","slug":"cadstar-cs-neo2-pro","status":"publish","type":"product","link":"https:\/\/zirkonshop.de\/en\/produkt\/cadstar-cs-neo2-pro\/","title":{"rendered":"CADStar CS.Neo2 Pro"},"content":{"rendered":"\n<p class=\"has-text-align-center\"><em><mark style=\"background-color:#000000\" class=\"has-inline-color has-white-color\">Made in Austria<\/mark><\/em><\/p>\n\n\n\n<h2 class=\"wp-block-heading has-text-align-center\">Technische Details \/ Ger\u00e4teeigenschaften<\/h2>\n\n\n\n<div class=\"wp-block-columns is-layout-flex wp-container-core-columns-is-layout-9d6595d7 wp-block-columns-is-layout-flex\">\n<div class=\"wp-block-column is-layout-flow wp-block-column-is-layout-flow\">\n<p class=\"has-text-align-center\"> <strong>\u22c4<\/strong><\/p>\n\n\n\n<p>Abmessungen [BxHxT]<\/p>\n\n\n\n<p>Gewicht<\/p>\n\n\n\n<p>Kameras<\/p>\n\n\n\n<p>Aufl\u00f6sung der Kameras<\/p>\n\n\n\n<p>Scan System<\/p>\n\n\n\n<p>Sprache<\/p>\n\n\n\n<p>Genauigkeit<\/p>\n\n\n\n<p>Verbindungstyp<\/p>\n\n\n\n<p>Netzteil<\/p>\n\n\n\n<p>Erfassungsvolumen<\/p>\n\n\n\n<p>Scantyp<\/p>\n\n\n\n<p>Scantechnologie<\/p>\n\n\n\n<p>Garantie<\/p>\n\n\n\n<p>Scanzeit \/ Modell (je nach Scan-Mode)<\/p>\n<\/div>\n\n\n\n<div class=\"wp-block-column is-layout-flow wp-block-column-is-layout-flow\">\n<p class=\"has-text-align-center\"><strong>Classic<\/strong><\/p>\n\n\n\n<p>396mm x 405mm x 337mm <\/p>\n\n\n\n<p>11,40 kg<\/p>\n\n\n\n<p>2 (S\/W)<\/p>\n\n\n\n<p>12 Mpx<\/p>\n\n\n\n<p>2 Achsen<\/p>\n\n\n\n<p>Multilingual<\/p>\n\n\n\n<p>5 \u03bcm<\/p>\n\n\n\n<p>1x USB 3.0 TYP C (5Gbit\/s)<\/p>\n\n\n\n<p>90-264VAC \/ 47-63 Hz<\/p>\n\n\n\n<p>200x200x150 mm<\/p>\n\n\n\n<p>SW Scan<\/p>\n\n\n\n<p>Streifenwei\u00dflicht<\/p>\n\n\n\n<p>2 Jahre<\/p>\n\n\n\n<p>12 Sek.<\/p>\n<\/div>\n\n\n\n<div class=\"wp-block-column has-background is-layout-flow wp-block-column-is-layout-flow\" style=\"background:linear-gradient(135deg,rgb(250,244,244) 0%,rgb(189,204,217) 100%)\">\n<p class=\"has-text-align-center\"><strong>Pro<\/strong><\/p>\n\n\n\n<p>396mm x 405mm x 337mm <\/p>\n\n\n\n<p>11,50 kg<\/p>\n\n\n\n<p>4 (Farbe RGB)<\/p>\n\n\n\n<p>24 Mpx<\/p>\n\n\n\n<p>Bis zu 3 Achsen<\/p>\n\n\n\n<p>Multilingual<\/p>\n\n\n\n<p>5 \u03bcm<\/p>\n\n\n\n<p>1x USB 3.0 TYP C (5Gbit\/s)<\/p>\n\n\n\n<p>90-264VAC \/ 47-63 Hz<\/p>\n\n\n\n<p>200x200x150 mm<\/p>\n\n\n\n<p>Farb Scan<\/p>\n\n\n\n<p>Streifenwei\u00dflicht<\/p>\n\n\n\n<p>2 Jahre<\/p>\n\n\n\n<p>10 Sek.<\/p>\n<\/div>\n\n\n\n<div class=\"wp-block-column is-layout-flow wp-block-column-is-layout-flow\">\n<p class=\"has-text-align-center\"><strong>Max<\/strong><\/p>\n\n\n\n<p>396mm x 405mm x 337mm <\/p>\n\n\n\n<p>12,60 kg<\/p>\n\n\n\n<p>4 (Farbe RGB)<\/p>\n\n\n\n<p>48 Mpx<\/p>\n\n\n\n<p>Bis zu 3 Achsen<\/p>\n\n\n\n<p>Multilingual<\/p>\n\n\n\n<p>5 \u03bcm<\/p>\n\n\n\n<p>1x USB 3.0 TYP C (5Gbit\/s)<\/p>\n\n\n\n<p>90-264VAC \/ 47-63 Hz<\/p>\n\n\n\n<p>300x200x150 mm<\/p>\n\n\n\n<p>Farb Scan<\/p>\n\n\n\n<p>Streifenwei\u00dflicht<\/p>\n\n\n\n<p>2 Jahre<\/p>\n\n\n\n<p>5 Sek.<\/p>\n<\/div>\n<\/div>\n\n\n\n<h2 class=\"wp-block-heading has-text-align-center\" style=\"padding-top:var(--wp--preset--spacing--80)\"><strong>Das passende Zubeh\u00f6r<\/strong><\/h2>\n\n\n\n<h3 class=\"wp-block-heading has-text-align-center\">Zubeh\u00f6r - Standard*<\/h3>\n\n\n\n<p class=\"has-text-align-center\">*Die 5 Zubeh\u00f6rteile sind bei der Bestellung des Scanners jeweils 1x enthalten.<\/p>\n\n\n\n<div class=\"wp-block-columns is-layout-flex wp-container-core-columns-is-layout-9d6595d7 wp-block-columns-is-layout-flex\">\n<div class=\"wp-block-column is-layout-flow wp-block-column-is-layout-flow\">\n<figure class=\"wp-block-image size-full is-style-default\"><a href=\"https:\/\/zirkonshop.de\/produkt\/cs-2-kalibrationsplatte\/\"><img fetchpriority=\"high\" decoding=\"async\" width=\"1200\" height=\"1200\" src=\"https:\/\/zirkonshop.de\/wp-content\/uploads\/2024\/06\/Kalibrationsplatte.webp\" alt=\"\" class=\"wp-image-7092\" srcset=\"https:\/\/zirkonshop.de\/wp-content\/uploads\/2024\/06\/Kalibrationsplatte.webp 1200w, https:\/\/zirkonshop.de\/wp-content\/uploads\/2024\/06\/Kalibrationsplatte-1024x1024.webp 1024w, https:\/\/zirkonshop.de\/wp-content\/uploads\/2024\/06\/Kalibrationsplatte-512x512.webp 512w, https:\/\/zirkonshop.de\/wp-content\/uploads\/2024\/06\/Kalibrationsplatte-768x768.webp 768w, https:\/\/zirkonshop.de\/wp-content\/uploads\/2024\/06\/Kalibrationsplatte-300x300.webp 300w, https:\/\/zirkonshop.de\/wp-content\/uploads\/2024\/06\/Kalibrationsplatte-600x600.webp 600w, https:\/\/zirkonshop.de\/wp-content\/uploads\/2024\/06\/Kalibrationsplatte-145x145.webp 145w\" sizes=\"(max-width: 1200px) 100vw, 1200px\" \/><\/a><\/figure>\n\n\n\n<p class=\"has-text-align-center\"><strong>Kalibrationsplatte<\/strong><\/p>\n<\/div>\n\n\n\n<div class=\"wp-block-column is-layout-flow wp-block-column-is-layout-flow\">\n<figure class=\"wp-block-image size-full\"><a href=\"https:\/\/zirkonshop.de\/produkt\/cs-2-arti-basis-fuer-den-artikulator\/\"><img decoding=\"async\" width=\"1200\" height=\"1200\" src=\"https:\/\/zirkonshop.de\/wp-content\/uploads\/2024\/06\/Arti_Base.webp\" alt=\"\" class=\"wp-image-7094\" srcset=\"https:\/\/zirkonshop.de\/wp-content\/uploads\/2024\/06\/Arti_Base.webp 1200w, https:\/\/zirkonshop.de\/wp-content\/uploads\/2024\/06\/Arti_Base-1024x1024.webp 1024w, https:\/\/zirkonshop.de\/wp-content\/uploads\/2024\/06\/Arti_Base-512x512.webp 512w, https:\/\/zirkonshop.de\/wp-content\/uploads\/2024\/06\/Arti_Base-768x768.webp 768w, https:\/\/zirkonshop.de\/wp-content\/uploads\/2024\/06\/Arti_Base-300x300.webp 300w, https:\/\/zirkonshop.de\/wp-content\/uploads\/2024\/06\/Arti_Base-600x600.webp 600w, https:\/\/zirkonshop.de\/wp-content\/uploads\/2024\/06\/Arti_Base-145x145.webp 145w\" sizes=\"(max-width: 1200px) 100vw, 1200px\" \/><\/a><\/figure>\n\n\n\n<p class=\"has-text-align-center\"><strong>Arti Base<\/strong><\/p>\n<\/div>\n\n\n\n<div class=\"wp-block-column is-layout-flow wp-block-column-is-layout-flow\">\n<figure class=\"wp-block-image size-full\"><a href=\"https:\/\/zirkonshop.de\/produkt\/cs-2-modellhalter-mit-blu-tack\/\"><img decoding=\"async\" width=\"1200\" height=\"1200\" src=\"https:\/\/zirkonshop.de\/wp-content\/uploads\/2024\/06\/Modellhalter_Blu_Tack.webp\" alt=\"\" class=\"wp-image-7097\" srcset=\"https:\/\/zirkonshop.de\/wp-content\/uploads\/2024\/06\/Modellhalter_Blu_Tack.webp 1200w, https:\/\/zirkonshop.de\/wp-content\/uploads\/2024\/06\/Modellhalter_Blu_Tack-1024x1024.webp 1024w, https:\/\/zirkonshop.de\/wp-content\/uploads\/2024\/06\/Modellhalter_Blu_Tack-512x512.webp 512w, https:\/\/zirkonshop.de\/wp-content\/uploads\/2024\/06\/Modellhalter_Blu_Tack-768x768.webp 768w, https:\/\/zirkonshop.de\/wp-content\/uploads\/2024\/06\/Modellhalter_Blu_Tack-300x300.webp 300w, https:\/\/zirkonshop.de\/wp-content\/uploads\/2024\/06\/Modellhalter_Blu_Tack-600x600.webp 600w, https:\/\/zirkonshop.de\/wp-content\/uploads\/2024\/06\/Modellhalter_Blu_Tack-145x145.webp 145w\" sizes=\"(max-width: 1200px) 100vw, 1200px\" \/><\/a><\/figure>\n\n\n\n<p class=\"has-text-align-center\"><strong>Modellhalter Blu Tack<\/strong><\/p>\n<\/div>\n\n\n\n<div class=\"wp-block-column is-layout-flow wp-block-column-is-layout-flow\">\n<figure class=\"wp-block-image size-full\"><a href=\"https:\/\/zirkonshop.de\/produkt\/cs-2-multi-die-adapter-9-14\/\"><img loading=\"lazy\" decoding=\"async\" width=\"1200\" height=\"1200\" src=\"https:\/\/zirkonshop.de\/wp-content\/uploads\/2024\/06\/Multi_Die_Adapter.webp\" alt=\"\" class=\"wp-image-7102\" srcset=\"https:\/\/zirkonshop.de\/wp-content\/uploads\/2024\/06\/Multi_Die_Adapter.webp 1200w, https:\/\/zirkonshop.de\/wp-content\/uploads\/2024\/06\/Multi_Die_Adapter-1024x1024.webp 1024w, https:\/\/zirkonshop.de\/wp-content\/uploads\/2024\/06\/Multi_Die_Adapter-512x512.webp 512w, https:\/\/zirkonshop.de\/wp-content\/uploads\/2024\/06\/Multi_Die_Adapter-768x768.webp 768w, https:\/\/zirkonshop.de\/wp-content\/uploads\/2024\/06\/Multi_Die_Adapter-300x300.webp 300w, https:\/\/zirkonshop.de\/wp-content\/uploads\/2024\/06\/Multi_Die_Adapter-600x600.webp 600w, https:\/\/zirkonshop.de\/wp-content\/uploads\/2024\/06\/Multi_Die_Adapter-145x145.webp 145w\" sizes=\"(max-width: 1200px) 100vw, 1200px\" \/><\/a><\/figure>\n\n\n\n<p class=\"has-text-align-center\"><strong>Multi-Die Adapter (9)<\/strong><\/p>\n<\/div>\n<\/div>\n\n\n\n<div class=\"wp-block-columns is-layout-flex wp-container-core-columns-is-layout-9d6595d7 wp-block-columns-is-layout-flex\">\n<div class=\"wp-block-column is-layout-flow wp-block-column-is-layout-flow\">\n<figure class=\"wp-block-image size-full is-style-default\"><a href=\"https:\/\/zirkonshop.de\/produkt\/abdruckhalter\/\"><img loading=\"lazy\" decoding=\"async\" width=\"1200\" height=\"1200\" src=\"https:\/\/zirkonshop.de\/wp-content\/uploads\/2025\/01\/Abdruckhalter-1.webp\" alt=\"\" class=\"wp-image-7141\" srcset=\"https:\/\/zirkonshop.de\/wp-content\/uploads\/2025\/01\/Abdruckhalter-1.webp 1200w, https:\/\/zirkonshop.de\/wp-content\/uploads\/2025\/01\/Abdruckhalter-1-1024x1024.webp 1024w, https:\/\/zirkonshop.de\/wp-content\/uploads\/2025\/01\/Abdruckhalter-1-512x512.webp 512w, https:\/\/zirkonshop.de\/wp-content\/uploads\/2025\/01\/Abdruckhalter-1-768x768.webp 768w, https:\/\/zirkonshop.de\/wp-content\/uploads\/2025\/01\/Abdruckhalter-1-300x300.webp 300w, https:\/\/zirkonshop.de\/wp-content\/uploads\/2025\/01\/Abdruckhalter-1-600x600.webp 600w, https:\/\/zirkonshop.de\/wp-content\/uploads\/2025\/01\/Abdruckhalter-1-145x145.webp 145w\" sizes=\"(max-width: 1200px) 100vw, 1200px\" \/><\/a><\/figure>\n\n\n\n<p class=\"has-text-align-center\"><strong>Abdruckhalter<\/strong><\/p>\n<\/div>\n\n\n\n<div class=\"wp-block-column is-layout-flow wp-block-column-is-layout-flow\"><\/div>\n\n\n\n<div class=\"wp-block-column is-layout-flow wp-block-column-is-layout-flow\"><\/div>\n\n\n\n<div class=\"wp-block-column is-layout-flow wp-block-column-is-layout-flow\"><\/div>\n<\/div>\n\n\n\n<h3 class=\"wp-block-heading has-text-align-center\" style=\"padding-top:var(--wp--preset--spacing--80)\">Zubeh\u00f6r - Optional <\/h3>\n\n\n\n<div class=\"wp-block-columns is-layout-flex wp-container-core-columns-is-layout-9d6595d7 wp-block-columns-is-layout-flex\">\n<div class=\"wp-block-column is-layout-flow wp-block-column-is-layout-flow\">\n<figure class=\"wp-block-image size-full is-style-default\"><a href=\"https:\/\/zirkonshop.de\/produkt\/modell-fixator\/\"><img loading=\"lazy\" decoding=\"async\" width=\"1200\" height=\"1200\" src=\"https:\/\/zirkonshop.de\/wp-content\/uploads\/2024\/06\/Fixator.webp\" alt=\"\" class=\"wp-image-7114\" srcset=\"https:\/\/zirkonshop.de\/wp-content\/uploads\/2024\/06\/Fixator.webp 1200w, https:\/\/zirkonshop.de\/wp-content\/uploads\/2024\/06\/Fixator-1024x1024.webp 1024w, https:\/\/zirkonshop.de\/wp-content\/uploads\/2024\/06\/Fixator-512x512.webp 512w, https:\/\/zirkonshop.de\/wp-content\/uploads\/2024\/06\/Fixator-768x768.webp 768w, https:\/\/zirkonshop.de\/wp-content\/uploads\/2024\/06\/Fixator-300x300.webp 300w, https:\/\/zirkonshop.de\/wp-content\/uploads\/2024\/06\/Fixator-600x600.webp 600w, https:\/\/zirkonshop.de\/wp-content\/uploads\/2024\/06\/Fixator-145x145.webp 145w\" sizes=\"(max-width: 1200px) 100vw, 1200px\" \/><\/a><\/figure>\n\n\n\n<p class=\"has-text-align-center\"><strong>Modell Fixator<\/strong><\/p>\n<\/div>\n\n\n\n<div class=\"wp-block-column is-layout-flow wp-block-column-is-layout-flow\">\n<figure class=\"wp-block-image size-full\"><a href=\"https:\/\/zirkonshop.de\/produkt\/cs-2-split-cast-adapter-inklusive-dynamischer-arti-software\/\"><img loading=\"lazy\" decoding=\"async\" width=\"1200\" height=\"1200\" src=\"https:\/\/zirkonshop.de\/wp-content\/uploads\/2024\/06\/Splitcast.webp\" alt=\"\" class=\"wp-image-7126\" srcset=\"https:\/\/zirkonshop.de\/wp-content\/uploads\/2024\/06\/Splitcast.webp 1200w, https:\/\/zirkonshop.de\/wp-content\/uploads\/2024\/06\/Splitcast-1024x1024.webp 1024w, https:\/\/zirkonshop.de\/wp-content\/uploads\/2024\/06\/Splitcast-512x512.webp 512w, https:\/\/zirkonshop.de\/wp-content\/uploads\/2024\/06\/Splitcast-768x768.webp 768w, https:\/\/zirkonshop.de\/wp-content\/uploads\/2024\/06\/Splitcast-300x300.webp 300w, https:\/\/zirkonshop.de\/wp-content\/uploads\/2024\/06\/Splitcast-600x600.webp 600w, https:\/\/zirkonshop.de\/wp-content\/uploads\/2024\/06\/Splitcast-145x145.webp 145w\" sizes=\"(max-width: 1200px) 100vw, 1200px\" \/><\/a><\/figure>\n\n\n\n<p class=\"has-text-align-center\"><strong>CS.2 Split Cast Adapter inklusive Dynamischer Arti-Software<\/strong><\/p>\n<\/div>\n\n\n\n<div class=\"wp-block-column is-layout-flow wp-block-column-is-layout-flow\">\n<figure class=\"wp-block-image size-full\"><a href=\"https:\/\/zirkonshop.de\/produkt\/modellhalter-mit-schraubsystem\/\"><img loading=\"lazy\" decoding=\"async\" width=\"1200\" height=\"1200\" src=\"https:\/\/zirkonshop.de\/wp-content\/uploads\/2024\/06\/Modellhalter_Schraubsystem.webp\" alt=\"\" class=\"wp-image-7128\" srcset=\"https:\/\/zirkonshop.de\/wp-content\/uploads\/2024\/06\/Modellhalter_Schraubsystem.webp 1200w, https:\/\/zirkonshop.de\/wp-content\/uploads\/2024\/06\/Modellhalter_Schraubsystem-1024x1024.webp 1024w, https:\/\/zirkonshop.de\/wp-content\/uploads\/2024\/06\/Modellhalter_Schraubsystem-512x512.webp 512w, https:\/\/zirkonshop.de\/wp-content\/uploads\/2024\/06\/Modellhalter_Schraubsystem-768x768.webp 768w, https:\/\/zirkonshop.de\/wp-content\/uploads\/2024\/06\/Modellhalter_Schraubsystem-300x300.webp 300w, https:\/\/zirkonshop.de\/wp-content\/uploads\/2024\/06\/Modellhalter_Schraubsystem-600x600.webp 600w, https:\/\/zirkonshop.de\/wp-content\/uploads\/2024\/06\/Modellhalter_Schraubsystem-145x145.webp 145w\" sizes=\"(max-width: 1200px) 100vw, 1200px\" \/><\/a><\/figure>\n\n\n\n<p class=\"has-text-align-center\"><strong>Modellhalter Schraubsystem<\/strong><\/p>\n<\/div>\n\n\n\n<div class=\"wp-block-column is-layout-flow wp-block-column-is-layout-flow\">\n<figure class=\"wp-block-image size-full\"><a href=\"https:\/\/zirkonshop.de\/produkt\/quarter-tray-adapter\/\"><img loading=\"lazy\" decoding=\"async\" width=\"1200\" height=\"1200\" src=\"https:\/\/zirkonshop.de\/wp-content\/uploads\/2024\/06\/Quarter_Tray_Adapter.webp\" alt=\"\" class=\"wp-image-7131\" srcset=\"https:\/\/zirkonshop.de\/wp-content\/uploads\/2024\/06\/Quarter_Tray_Adapter.webp 1200w, https:\/\/zirkonshop.de\/wp-content\/uploads\/2024\/06\/Quarter_Tray_Adapter-1024x1024.webp 1024w, https:\/\/zirkonshop.de\/wp-content\/uploads\/2024\/06\/Quarter_Tray_Adapter-512x512.webp 512w, https:\/\/zirkonshop.de\/wp-content\/uploads\/2024\/06\/Quarter_Tray_Adapter-768x768.webp 768w, https:\/\/zirkonshop.de\/wp-content\/uploads\/2024\/06\/Quarter_Tray_Adapter-300x300.webp 300w, https:\/\/zirkonshop.de\/wp-content\/uploads\/2024\/06\/Quarter_Tray_Adapter-600x600.webp 600w, https:\/\/zirkonshop.de\/wp-content\/uploads\/2024\/06\/Quarter_Tray_Adapter-145x145.webp 145w\" sizes=\"(max-width: 1200px) 100vw, 1200px\" \/><\/a><\/figure>\n\n\n\n<p class=\"has-text-align-center\"><strong>Quarter-Tray Adapter<\/strong><\/p>\n<\/div>\n<\/div>\n\n\n\n<div class=\"wp-block-columns is-layout-flex wp-container-core-columns-is-layout-9d6595d7 wp-block-columns-is-layout-flex\">\n<div class=\"wp-block-column is-layout-flow wp-block-column-is-layout-flow\">\n<figure class=\"wp-block-image size-full is-style-default\"><a href=\"https:\/\/zirkonshop.de\/produkt\/automatisierte-abdruck-achse\/\"><img loading=\"lazy\" decoding=\"async\" width=\"1200\" height=\"1200\" src=\"https:\/\/zirkonshop.de\/wp-content\/uploads\/2024\/06\/3_Achse.webp\" alt=\"\" class=\"wp-image-7137\" srcset=\"https:\/\/zirkonshop.de\/wp-content\/uploads\/2024\/06\/3_Achse.webp 1200w, https:\/\/zirkonshop.de\/wp-content\/uploads\/2024\/06\/3_Achse-1024x1024.webp 1024w, https:\/\/zirkonshop.de\/wp-content\/uploads\/2024\/06\/3_Achse-512x512.webp 512w, https:\/\/zirkonshop.de\/wp-content\/uploads\/2024\/06\/3_Achse-768x768.webp 768w, https:\/\/zirkonshop.de\/wp-content\/uploads\/2024\/06\/3_Achse-300x300.webp 300w, https:\/\/zirkonshop.de\/wp-content\/uploads\/2024\/06\/3_Achse-600x600.webp 600w, https:\/\/zirkonshop.de\/wp-content\/uploads\/2024\/06\/3_Achse-145x145.webp 145w\" sizes=\"(max-width: 1200px) 100vw, 1200px\" \/><\/a><\/figure>\n\n\n\n<p class=\"has-text-align-center\"><strong>Automatisierte Abdruck-Achse<\/strong><\/p>\n<\/div>\n\n\n\n<div class=\"wp-block-column is-layout-flow wp-block-column-is-layout-flow\"><\/div>\n\n\n\n<div class=\"wp-block-column is-layout-flow wp-block-column-is-layout-flow\"><\/div>\n\n\n\n<div class=\"wp-block-column is-layout-flow wp-block-column-is-layout-flow\"><\/div>\n<\/div>\n\n\n\n<p><\/p>\n","protected":false},"excerpt":{"rendered":"<p><strong>Der CS.Neo2 Pro ist das verbesserte Modell der 2. Generation des Erfolgsproduktes \"CS.Neo\". F\u00fcr die Digitalisierung, beispielsweise einer 3-stelligen Br\u00fccke, ben\u00f6tigt der Scanner 2 Klicks.<\/strong><\/p>\n<p>&nbsp;<\/p>\n<ul>\n<li>\u2022 offenes System \/ exocad kompatibel \/ STL &amp; PLY<\/li>\n<li>\u2022 10 sec. f\u00fcr Kiefer-Scan (Full-Arch)<\/li>\n<li>\u2022 5 \u03bcm Genauigkeit (2\u03bcm Wiederholgenauigkeit)<\/li>\n<li>\u2022 4 Kameras (RGB - 24 Mpx)<\/li>\n<li>\u2022 ganzer Artikulator aufnehmbar<\/li>\n<li>\u2022 keine Lizenzgeb\u00fchren<\/li>\n<li>\u2022 keine Wartungsgeb\u00fchren<\/li>\n<li>\u2022 2 Jahre Garantie<\/li>\n<li>\u2022 kostenloser Support im Garantiezeitraum<\/li>\n<li>\u2022 kostenlose Schulung in der \"CADstar Academy\"<\/li>\n<li>\u2022 Expressreparatur bzw. Ger\u00e4tetausch in 48h<\/li>\n<\/ul>\n","protected":false},"featured_media":7143,"template":"","meta":{"_acf_changed":true},"product_brand":[],"product_cat":[299],"product_tag":[],"class_list":{"0":"post-7140","1":"product","2":"type-product","3":"status-publish","4":"has-post-thumbnail","6":"product_cat-labor-modellscanner","8":"first","9":"instock","10":"taxable","11":"shipping-taxable","12":"purchasable","13":"product-type-simple"},"acf":[],"yoast_head":"<!-- This site is optimized with the Yoast SEO plugin v26.1.1 - https:\/\/yoast.com\/wordpress\/plugins\/seo\/ -->\n<title>CADStar CS.Neo2 Pro - ZirkonShop<\/title>\n<meta name=\"robots\" content=\"index, follow, max-snippet:-1, max-image-preview:large, max-video-preview:-1\" \/>\n<link rel=\"canonical\" href=\"https:\/\/zirkonshop.de\/en\/produkt\/cadstar-cs-neo2-pro\/\" \/>\n<meta property=\"og:locale\" content=\"en_US\" \/>\n<meta property=\"og:type\" content=\"article\" \/>\n<meta property=\"og:title\" content=\"CADStar CS.Neo2 Pro - ZirkonShop\" \/>\n<meta property=\"og:description\" content=\"Der CS.Neo2 Pro ist das verbesserte Modell der 2. Generation des Erfolgsproduktes &quot;CS.Neo&quot;. F\u00fcr die Digitalisierung, beispielsweise einer 3-stelligen Br\u00fccke, ben\u00f6tigt der Scanner 2 Klicks. &nbsp;  \u2022 offenes System \/ exocad kompatibel \/ STL &amp; PLY \u2022 10 sec. f\u00fcr Kiefer-Scan (Full-Arch) \u2022 5 \u03bcm Genauigkeit (2\u03bcm Wiederholgenauigkeit) \u2022 4 Kameras (RGB - 24 Mpx) \u2022 ganzer Artikulator aufnehmbar \u2022 keine Lizenzgeb\u00fchren \u2022 keine Wartungsgeb\u00fchren \u2022 2 Jahre Garantie \u2022 kostenloser Support im Garantiezeitraum \u2022 kostenlose Schulung in der &quot;CADstar Academy&quot; \u2022 Expressreparatur bzw. Ger\u00e4tetausch in 48h\" \/>\n<meta property=\"og:url\" content=\"https:\/\/zirkonshop.de\/en\/produkt\/cadstar-cs-neo2-pro\/\" \/>\n<meta property=\"og:site_name\" content=\"ZirkonShop\" \/>\n<meta property=\"article:modified_time\" content=\"2026-01-14T10:31:48+00:00\" \/>\n<meta property=\"og:image\" content=\"https:\/\/zirkonshop.de\/wp-content\/uploads\/2025\/01\/CS.Neo2Pro_unten_rechts_3_achse.webp\" \/>\n\t<meta property=\"og:image:width\" content=\"1200\" \/>\n\t<meta property=\"og:image:height\" content=\"1200\" \/>\n\t<meta property=\"og:image:type\" content=\"image\/webp\" \/>\n<meta name=\"twitter:card\" content=\"summary_large_image\" \/>\n<meta name=\"twitter:label1\" content=\"Est. reading time\" \/>\n\t<meta name=\"twitter:data1\" content=\"4 minutes\" \/>\n<script type=\"application\/ld+json\" class=\"yoast-schema-graph\">{\"@context\":\"https:\/\/schema.org\",\"@graph\":[{\"@type\":\"WebPage\",\"@id\":\"https:\/\/zirkonshop.de\/en\/produkt\/cadstar-cs-neo2-pro\/\",\"url\":\"https:\/\/zirkonshop.de\/en\/produkt\/cadstar-cs-neo2-pro\/\",\"name\":\"CADStar CS.Neo2 Pro - ZirkonShop\",\"isPartOf\":{\"@id\":\"https:\/\/zirkonshop.de\/#website\"},\"primaryImageOfPage\":{\"@id\":\"https:\/\/zirkonshop.de\/en\/produkt\/cadstar-cs-neo2-pro\/#primaryimage\"},\"image\":{\"@id\":\"https:\/\/zirkonshop.de\/en\/produkt\/cadstar-cs-neo2-pro\/#primaryimage\"},\"thumbnailUrl\":\"https:\/\/zirkonshop.de\/wp-content\/uploads\/2025\/01\/CS.Neo2Pro_unten_rechts_3_achse.webp\",\"datePublished\":\"2025-01-24T16:35:05+00:00\",\"dateModified\":\"2026-01-14T10:31:48+00:00\",\"breadcrumb\":{\"@id\":\"https:\/\/zirkonshop.de\/en\/produkt\/cadstar-cs-neo2-pro\/#breadcrumb\"},\"inLanguage\":\"en-US\",\"potentialAction\":[{\"@type\":\"ReadAction\",\"target\":[\"https:\/\/zirkonshop.de\/en\/produkt\/cadstar-cs-neo2-pro\/\"]}]},{\"@type\":\"ImageObject\",\"inLanguage\":\"en-US\",\"@id\":\"https:\/\/zirkonshop.de\/en\/produkt\/cadstar-cs-neo2-pro\/#primaryimage\",\"url\":\"https:\/\/zirkonshop.de\/wp-content\/uploads\/2025\/01\/CS.Neo2Pro_unten_rechts_3_achse.webp\",\"contentUrl\":\"https:\/\/zirkonshop.de\/wp-content\/uploads\/2025\/01\/CS.Neo2Pro_unten_rechts_3_achse.webp\",\"width\":1200,\"height\":1200},{\"@type\":\"BreadcrumbList\",\"@id\":\"https:\/\/zirkonshop.de\/en\/produkt\/cadstar-cs-neo2-pro\/#breadcrumb\",\"itemListElement\":[{\"@type\":\"ListItem\",\"position\":1,\"name\":\"Startseite\",\"item\":\"https:\/\/zirkonshop.de\/en\/startseite\/\"},{\"@type\":\"ListItem\",\"position\":2,\"name\":\"Shop\",\"item\":\"https:\/\/zirkonshop.de\/shop\/\"},{\"@type\":\"ListItem\",\"position\":3,\"name\":\"CADStar CS.Neo2 Pro\"}]},{\"@type\":\"WebSite\",\"@id\":\"https:\/\/zirkonshop.de\/#website\",\"url\":\"https:\/\/zirkonshop.de\/\",\"name\":\"ZirkonShop\",\"description\":\"\",\"potentialAction\":[{\"@type\":\"SearchAction\",\"target\":{\"@type\":\"EntryPoint\",\"urlTemplate\":\"https:\/\/zirkonshop.de\/?s={search_term_string}\"},\"query-input\":{\"@type\":\"PropertyValueSpecification\",\"valueRequired\":true,\"valueName\":\"search_term_string\"}}],\"inLanguage\":\"en-US\"}]}<\/script>\n<!-- \/ Yoast SEO plugin. -->","yoast_head_json":{"title":"CADStar CS.Neo2 Pro - ZirkonShop","robots":{"index":"index","follow":"follow","max-snippet":"max-snippet:-1","max-image-preview":"max-image-preview:large","max-video-preview":"max-video-preview:-1"},"canonical":"https:\/\/zirkonshop.de\/en\/produkt\/cadstar-cs-neo2-pro\/","og_locale":"en_US","og_type":"article","og_title":"CADStar CS.Neo2 Pro - ZirkonShop","og_description":"Der CS.Neo2 Pro ist das verbesserte Modell der 2. Generation des Erfolgsproduktes \"CS.Neo\". F\u00fcr die Digitalisierung, beispielsweise einer 3-stelligen Br\u00fccke, ben\u00f6tigt der Scanner 2 Klicks. &nbsp;  \u2022 offenes System \/ exocad kompatibel \/ STL &amp; PLY \u2022 10 sec. f\u00fcr Kiefer-Scan (Full-Arch) \u2022 5 \u03bcm Genauigkeit (2\u03bcm Wiederholgenauigkeit) \u2022 4 Kameras (RGB - 24 Mpx) \u2022 ganzer Artikulator aufnehmbar \u2022 keine Lizenzgeb\u00fchren \u2022 keine Wartungsgeb\u00fchren \u2022 2 Jahre Garantie \u2022 kostenloser Support im Garantiezeitraum \u2022 kostenlose Schulung in der \"CADstar Academy\" \u2022 Expressreparatur bzw. Ger\u00e4tetausch in 48h","og_url":"https:\/\/zirkonshop.de\/en\/produkt\/cadstar-cs-neo2-pro\/","og_site_name":"ZirkonShop","article_modified_time":"2026-01-14T10:31:48+00:00","og_image":[{"width":1200,"height":1200,"url":"https:\/\/zirkonshop.de\/wp-content\/uploads\/2025\/01\/CS.Neo2Pro_unten_rechts_3_achse.webp","type":"image\/webp"}],"twitter_card":"summary_large_image","twitter_misc":{"Est. reading time":"4 minutes"},"schema":{"@context":"https:\/\/schema.org","@graph":[{"@type":"WebPage","@id":"https:\/\/zirkonshop.de\/en\/produkt\/cadstar-cs-neo2-pro\/","url":"https:\/\/zirkonshop.de\/en\/produkt\/cadstar-cs-neo2-pro\/","name":"CADStar CS.Neo2 Pro - ZirkonShop","isPartOf":{"@id":"https:\/\/zirkonshop.de\/#website"},"primaryImageOfPage":{"@id":"https:\/\/zirkonshop.de\/en\/produkt\/cadstar-cs-neo2-pro\/#primaryimage"},"image":{"@id":"https:\/\/zirkonshop.de\/en\/produkt\/cadstar-cs-neo2-pro\/#primaryimage"},"thumbnailUrl":"https:\/\/zirkonshop.de\/wp-content\/uploads\/2025\/01\/CS.Neo2Pro_unten_rechts_3_achse.webp","datePublished":"2025-01-24T16:35:05+00:00","dateModified":"2026-01-14T10:31:48+00:00","breadcrumb":{"@id":"https:\/\/zirkonshop.de\/en\/produkt\/cadstar-cs-neo2-pro\/#breadcrumb"},"inLanguage":"en-US","potentialAction":[{"@type":"ReadAction","target":["https:\/\/zirkonshop.de\/en\/produkt\/cadstar-cs-neo2-pro\/"]}]},{"@type":"ImageObject","inLanguage":"en-US","@id":"https:\/\/zirkonshop.de\/en\/produkt\/cadstar-cs-neo2-pro\/#primaryimage","url":"https:\/\/zirkonshop.de\/wp-content\/uploads\/2025\/01\/CS.Neo2Pro_unten_rechts_3_achse.webp","contentUrl":"https:\/\/zirkonshop.de\/wp-content\/uploads\/2025\/01\/CS.Neo2Pro_unten_rechts_3_achse.webp","width":1200,"height":1200},{"@type":"BreadcrumbList","@id":"https:\/\/zirkonshop.de\/en\/produkt\/cadstar-cs-neo2-pro\/#breadcrumb","itemListElement":[{"@type":"ListItem","position":1,"name":"Startseite","item":"https:\/\/zirkonshop.de\/en\/startseite\/"},{"@type":"ListItem","position":2,"name":"Shop","item":"https:\/\/zirkonshop.de\/shop\/"},{"@type":"ListItem","position":3,"name":"CADStar CS.Neo2 Pro"}]},{"@type":"WebSite","@id":"https:\/\/zirkonshop.de\/#website","url":"https:\/\/zirkonshop.de\/","name":"ZirkonShop","description":"","potentialAction":[{"@type":"SearchAction","target":{"@type":"EntryPoint","urlTemplate":"https:\/\/zirkonshop.de\/?s={search_term_string}"},"query-input":{"@type":"PropertyValueSpecification","valueRequired":true,"valueName":"search_term_string"}}],"inLanguage":"en-US"}]}},"_links":{"self":[{"href":"https:\/\/zirkonshop.de\/en\/wp-json\/wp\/v2\/product\/7140","targetHints":{"allow":["GET"]}}],"collection":[{"href":"https:\/\/zirkonshop.de\/en\/wp-json\/wp\/v2\/product"}],"about":[{"href":"https:\/\/zirkonshop.de\/en\/wp-json\/wp\/v2\/types\/product"}],"wp:featuredmedia":[{"embeddable":true,"href":"https:\/\/zirkonshop.de\/en\/wp-json\/wp\/v2\/media\/7143"}],"wp:attachment":[{"href":"https:\/\/zirkonshop.de\/en\/wp-json\/wp\/v2\/media?parent=7140"}],"wp:term":[{"taxonomy":"product_brand","embeddable":true,"href":"https:\/\/zirkonshop.de\/en\/wp-json\/wp\/v2\/product_brand?post=7140"},{"taxonomy":"product_cat","embeddable":true,"href":"https:\/\/zirkonshop.de\/en\/wp-json\/wp\/v2\/product_cat?post=7140"},{"taxonomy":"product_tag","embeddable":true,"href":"https:\/\/zirkonshop.de\/en\/wp-json\/wp\/v2\/product_tag?post=7140"}],"curies":[{"name":"wp","href":"https:\/\/api.w.org\/{rel}","templated":true}]}}