{"id":7133,"date":"2025-01-24T17:22:39","date_gmt":"2025-01-24T16:22:39","guid":{"rendered":"https:\/\/zirkonshop.de\/?post_type=product&#038;p=7133"},"modified":"2025-01-24T17:23:15","modified_gmt":"2025-01-24T16:23:15","slug":"quarter-tray-adapter","status":"publish","type":"product","link":"https:\/\/zirkonshop.de\/en\/produkt\/quarter-tray-adapter\/","title":{"rendered":"Quarter-Tray Adapter"},"content":{"rendered":"","protected":false},"excerpt":{"rendered":"<p>Mit dem Quarter Tray Adapter k\u00f6nnen Teilmodelle von Ober- und Unterkiefern sowie bis zu vier St\u00fcmpfe zeitgleich gescannt werden, wodurch die Produktivit\u00e4t des Scansystems erheblich gesteigert wird. In nur zwei Scanschritten werden so die Okklusion und anschlie\u00dfend Nachbarz\u00e4hne und St\u00fcmpfe erfasst.<\/p>\n<p>&nbsp;<\/p>\n<p>* optionales Zubeh\u00f6r<\/p>\n","protected":false},"featured_media":7081,"template":"","meta":{"_acf_changed":false},"product_brand":[],"product_cat":[18],"product_tag":[],"class_list":{"0":"post-7133","1":"product","2":"type-product","3":"status-publish","4":"has-post-thumbnail","6":"product_cat-cadcam","8":"first","9":"instock","10":"taxable","11":"shipping-taxable","12":"purchasable","13":"product-type-simple"},"acf":[],"yoast_head":"<!-- This site is optimized with the Yoast SEO plugin v26.1.1 - https:\/\/yoast.com\/wordpress\/plugins\/seo\/ -->\n<title>Quarter-Tray Adapter - ZirkonShop<\/title>\n<meta name=\"robots\" content=\"index, follow, max-snippet:-1, max-image-preview:large, max-video-preview:-1\" \/>\n<link rel=\"canonical\" href=\"https:\/\/zirkonshop.de\/en\/produkt\/quarter-tray-adapter\/\" \/>\n<meta property=\"og:locale\" content=\"en_US\" \/>\n<meta property=\"og:type\" content=\"article\" \/>\n<meta property=\"og:title\" content=\"Quarter-Tray Adapter - ZirkonShop\" \/>\n<meta property=\"og:description\" content=\"Mit dem Quarter Tray Adapter k\u00f6nnen Teilmodelle von Ober- und Unterkiefern sowie bis zu vier St\u00fcmpfe zeitgleich gescannt werden, wodurch die Produktivit\u00e4t des Scansystems erheblich gesteigert wird. In nur zwei Scanschritten werden so die Okklusion und anschlie\u00dfend Nachbarz\u00e4hne und St\u00fcmpfe erfasst.  &nbsp;  * optionales Zubeh\u00f6r\" \/>\n<meta property=\"og:url\" content=\"https:\/\/zirkonshop.de\/en\/produkt\/quarter-tray-adapter\/\" \/>\n<meta property=\"og:site_name\" content=\"ZirkonShop\" \/>\n<meta property=\"article:modified_time\" content=\"2025-01-24T16:23:15+00:00\" \/>\n<meta property=\"og:image\" content=\"https:\/\/zirkonshop.de\/wp-content\/uploads\/2025\/01\/Quarter_Tray_Adapter.webp\" \/>\n\t<meta property=\"og:image:width\" content=\"1200\" \/>\n\t<meta property=\"og:image:height\" content=\"1200\" \/>\n\t<meta property=\"og:image:type\" content=\"image\/webp\" \/>\n<meta name=\"twitter:card\" content=\"summary_large_image\" \/>\n<meta name=\"twitter:label1\" content=\"Est. reading time\" \/>\n\t<meta name=\"twitter:data1\" content=\"1 minute\" \/>\n<script type=\"application\/ld+json\" class=\"yoast-schema-graph\">{\"@context\":\"https:\/\/schema.org\",\"@graph\":[{\"@type\":\"WebPage\",\"@id\":\"https:\/\/zirkonshop.de\/en\/produkt\/quarter-tray-adapter\/\",\"url\":\"https:\/\/zirkonshop.de\/en\/produkt\/quarter-tray-adapter\/\",\"name\":\"Quarter-Tray Adapter - ZirkonShop\",\"isPartOf\":{\"@id\":\"https:\/\/zirkonshop.de\/#website\"},\"primaryImageOfPage\":{\"@id\":\"https:\/\/zirkonshop.de\/en\/produkt\/quarter-tray-adapter\/#primaryimage\"},\"image\":{\"@id\":\"https:\/\/zirkonshop.de\/en\/produkt\/quarter-tray-adapter\/#primaryimage\"},\"thumbnailUrl\":\"https:\/\/zirkonshop.de\/wp-content\/uploads\/2025\/01\/Quarter_Tray_Adapter.webp\",\"datePublished\":\"2025-01-24T16:22:39+00:00\",\"dateModified\":\"2025-01-24T16:23:15+00:00\",\"breadcrumb\":{\"@id\":\"https:\/\/zirkonshop.de\/en\/produkt\/quarter-tray-adapter\/#breadcrumb\"},\"inLanguage\":\"en-US\",\"potentialAction\":[{\"@type\":\"ReadAction\",\"target\":[\"https:\/\/zirkonshop.de\/en\/produkt\/quarter-tray-adapter\/\"]}]},{\"@type\":\"ImageObject\",\"inLanguage\":\"en-US\",\"@id\":\"https:\/\/zirkonshop.de\/en\/produkt\/quarter-tray-adapter\/#primaryimage\",\"url\":\"https:\/\/zirkonshop.de\/wp-content\/uploads\/2025\/01\/Quarter_Tray_Adapter.webp\",\"contentUrl\":\"https:\/\/zirkonshop.de\/wp-content\/uploads\/2025\/01\/Quarter_Tray_Adapter.webp\",\"width\":1200,\"height\":1200},{\"@type\":\"BreadcrumbList\",\"@id\":\"https:\/\/zirkonshop.de\/en\/produkt\/quarter-tray-adapter\/#breadcrumb\",\"itemListElement\":[{\"@type\":\"ListItem\",\"position\":1,\"name\":\"Startseite\",\"item\":\"https:\/\/zirkonshop.de\/en\/startseite\/\"},{\"@type\":\"ListItem\",\"position\":2,\"name\":\"Shop\",\"item\":\"https:\/\/zirkonshop.de\/shop\/\"},{\"@type\":\"ListItem\",\"position\":3,\"name\":\"Quarter-Tray Adapter\"}]},{\"@type\":\"WebSite\",\"@id\":\"https:\/\/zirkonshop.de\/#website\",\"url\":\"https:\/\/zirkonshop.de\/\",\"name\":\"ZirkonShop\",\"description\":\"\",\"potentialAction\":[{\"@type\":\"SearchAction\",\"target\":{\"@type\":\"EntryPoint\",\"urlTemplate\":\"https:\/\/zirkonshop.de\/?s={search_term_string}\"},\"query-input\":{\"@type\":\"PropertyValueSpecification\",\"valueRequired\":true,\"valueName\":\"search_term_string\"}}],\"inLanguage\":\"en-US\"}]}<\/script>\n<!-- \/ Yoast SEO plugin. -->","yoast_head_json":{"title":"Quarter-Tray Adapter - ZirkonShop","robots":{"index":"index","follow":"follow","max-snippet":"max-snippet:-1","max-image-preview":"max-image-preview:large","max-video-preview":"max-video-preview:-1"},"canonical":"https:\/\/zirkonshop.de\/en\/produkt\/quarter-tray-adapter\/","og_locale":"en_US","og_type":"article","og_title":"Quarter-Tray Adapter - ZirkonShop","og_description":"Mit dem Quarter Tray Adapter k\u00f6nnen Teilmodelle von Ober- und Unterkiefern sowie bis zu vier St\u00fcmpfe zeitgleich gescannt werden, wodurch die Produktivit\u00e4t des Scansystems erheblich gesteigert wird. In nur zwei Scanschritten werden so die Okklusion und anschlie\u00dfend Nachbarz\u00e4hne und St\u00fcmpfe erfasst.  &nbsp;  * optionales Zubeh\u00f6r","og_url":"https:\/\/zirkonshop.de\/en\/produkt\/quarter-tray-adapter\/","og_site_name":"ZirkonShop","article_modified_time":"2025-01-24T16:23:15+00:00","og_image":[{"width":1200,"height":1200,"url":"https:\/\/zirkonshop.de\/wp-content\/uploads\/2025\/01\/Quarter_Tray_Adapter.webp","type":"image\/webp"}],"twitter_card":"summary_large_image","twitter_misc":{"Est. reading time":"1 minute"},"schema":{"@context":"https:\/\/schema.org","@graph":[{"@type":"WebPage","@id":"https:\/\/zirkonshop.de\/en\/produkt\/quarter-tray-adapter\/","url":"https:\/\/zirkonshop.de\/en\/produkt\/quarter-tray-adapter\/","name":"Quarter-Tray Adapter - ZirkonShop","isPartOf":{"@id":"https:\/\/zirkonshop.de\/#website"},"primaryImageOfPage":{"@id":"https:\/\/zirkonshop.de\/en\/produkt\/quarter-tray-adapter\/#primaryimage"},"image":{"@id":"https:\/\/zirkonshop.de\/en\/produkt\/quarter-tray-adapter\/#primaryimage"},"thumbnailUrl":"https:\/\/zirkonshop.de\/wp-content\/uploads\/2025\/01\/Quarter_Tray_Adapter.webp","datePublished":"2025-01-24T16:22:39+00:00","dateModified":"2025-01-24T16:23:15+00:00","breadcrumb":{"@id":"https:\/\/zirkonshop.de\/en\/produkt\/quarter-tray-adapter\/#breadcrumb"},"inLanguage":"en-US","potentialAction":[{"@type":"ReadAction","target":["https:\/\/zirkonshop.de\/en\/produkt\/quarter-tray-adapter\/"]}]},{"@type":"ImageObject","inLanguage":"en-US","@id":"https:\/\/zirkonshop.de\/en\/produkt\/quarter-tray-adapter\/#primaryimage","url":"https:\/\/zirkonshop.de\/wp-content\/uploads\/2025\/01\/Quarter_Tray_Adapter.webp","contentUrl":"https:\/\/zirkonshop.de\/wp-content\/uploads\/2025\/01\/Quarter_Tray_Adapter.webp","width":1200,"height":1200},{"@type":"BreadcrumbList","@id":"https:\/\/zirkonshop.de\/en\/produkt\/quarter-tray-adapter\/#breadcrumb","itemListElement":[{"@type":"ListItem","position":1,"name":"Startseite","item":"https:\/\/zirkonshop.de\/en\/startseite\/"},{"@type":"ListItem","position":2,"name":"Shop","item":"https:\/\/zirkonshop.de\/shop\/"},{"@type":"ListItem","position":3,"name":"Quarter-Tray Adapter"}]},{"@type":"WebSite","@id":"https:\/\/zirkonshop.de\/#website","url":"https:\/\/zirkonshop.de\/","name":"ZirkonShop","description":"","potentialAction":[{"@type":"SearchAction","target":{"@type":"EntryPoint","urlTemplate":"https:\/\/zirkonshop.de\/?s={search_term_string}"},"query-input":{"@type":"PropertyValueSpecification","valueRequired":true,"valueName":"search_term_string"}}],"inLanguage":"en-US"}]}},"_links":{"self":[{"href":"https:\/\/zirkonshop.de\/en\/wp-json\/wp\/v2\/product\/7133","targetHints":{"allow":["GET"]}}],"collection":[{"href":"https:\/\/zirkonshop.de\/en\/wp-json\/wp\/v2\/product"}],"about":[{"href":"https:\/\/zirkonshop.de\/en\/wp-json\/wp\/v2\/types\/product"}],"wp:featuredmedia":[{"embeddable":true,"href":"https:\/\/zirkonshop.de\/en\/wp-json\/wp\/v2\/media\/7081"}],"wp:attachment":[{"href":"https:\/\/zirkonshop.de\/en\/wp-json\/wp\/v2\/media?parent=7133"}],"wp:term":[{"taxonomy":"product_brand","embeddable":true,"href":"https:\/\/zirkonshop.de\/en\/wp-json\/wp\/v2\/product_brand?post=7133"},{"taxonomy":"product_cat","embeddable":true,"href":"https:\/\/zirkonshop.de\/en\/wp-json\/wp\/v2\/product_cat?post=7133"},{"taxonomy":"product_tag","embeddable":true,"href":"https:\/\/zirkonshop.de\/en\/wp-json\/wp\/v2\/product_tag?post=7133"}],"curies":[{"name":"wp","href":"https:\/\/api.w.org\/{rel}","templated":true}]}}