{"id":7117,"date":"2025-01-24T17:03:20","date_gmt":"2025-01-24T16:03:20","guid":{"rendered":"https:\/\/zirkonshop.de\/?post_type=product&#038;p=7117"},"modified":"2025-01-24T17:14:52","modified_gmt":"2025-01-24T16:14:52","slug":"cs-2-split-cast-adapter-inklusive-dynamischer-arti-software","status":"publish","type":"product","link":"https:\/\/zirkonshop.de\/en\/produkt\/cs-2-split-cast-adapter-inklusive-dynamischer-arti-software\/","title":{"rendered":"CS.2 Split Cast Adapter inklusive Dynamischer Arti-Software"},"content":{"rendered":"","protected":false},"excerpt":{"rendered":"<p>Mithilfe der optional erh\u00e4ltlichen Split Cast Adapter k\u00f6nnen Bisssituationen der g\u00e4ngigsten Artikulatoren anatomisch korrekt und ohne Pr\u00e4zisionsverlust in die Software \u00fcbernommen werden. Wir empfehlen dieses Zubeh\u00f6rteil vor allem f\u00fcr Nutzer der folgenden Zusatzpakete: Virtueller Artikulator, Schienen Modul.<\/p>\n<p>Split Cast Adapter sind kompatibel zu:<\/p>\n<p>\u2022 Artex \/ Adesso<br \/>\n\u2022 Bioart A7<br \/>\n\u2022 Denar Mark2<br \/>\n\u2022 KaVo Protar<br \/>\n\u2022 Quicksplit<br \/>\n\u2022 SAM<br \/>\n\u2022 Gamma<\/p>\n<p>* optionales Zubeh\u00f6r<\/p>\n","protected":false},"featured_media":7083,"template":"","meta":{"_acf_changed":false},"product_brand":[],"product_cat":[18],"product_tag":[],"class_list":{"0":"post-7117","1":"product","2":"type-product","3":"status-publish","4":"has-post-thumbnail","6":"product_cat-cadcam","8":"first","9":"instock","10":"taxable","11":"shipping-taxable","12":"purchasable","13":"product-type-variable"},"acf":[],"yoast_head":"<!-- This site is optimized with the Yoast SEO plugin v26.1.1 - https:\/\/yoast.com\/wordpress\/plugins\/seo\/ -->\n<title>CS.2 Split Cast Adapter inklusive Dynamischer Arti-Software - ZirkonShop<\/title>\n<meta name=\"robots\" content=\"index, follow, max-snippet:-1, max-image-preview:large, max-video-preview:-1\" \/>\n<link rel=\"canonical\" href=\"https:\/\/zirkonshop.de\/en\/produkt\/cs-2-split-cast-adapter-inklusive-dynamischer-arti-software\/\" \/>\n<meta property=\"og:locale\" content=\"en_US\" \/>\n<meta property=\"og:type\" content=\"article\" \/>\n<meta property=\"og:title\" content=\"CS.2 Split Cast Adapter inklusive Dynamischer Arti-Software - ZirkonShop\" \/>\n<meta property=\"og:description\" content=\"Mithilfe der optional erh\u00e4ltlichen Split Cast Adapter k\u00f6nnen Bisssituationen der g\u00e4ngigsten Artikulatoren anatomisch korrekt und ohne Pr\u00e4zisionsverlust in die Software \u00fcbernommen werden. Wir empfehlen dieses Zubeh\u00f6rteil vor allem f\u00fcr Nutzer der folgenden Zusatzpakete: Virtueller Artikulator, Schienen Modul.  Split Cast Adapter sind kompatibel zu:  \u2022 Artex \/ Adesso \u2022 Bioart A7 \u2022 Denar Mark2 \u2022 KaVo Protar \u2022 Quicksplit \u2022 SAM \u2022 Gamma  * optionales Zubeh\u00f6r\" \/>\n<meta property=\"og:url\" content=\"https:\/\/zirkonshop.de\/en\/produkt\/cs-2-split-cast-adapter-inklusive-dynamischer-arti-software\/\" \/>\n<meta property=\"og:site_name\" content=\"ZirkonShop\" \/>\n<meta property=\"article:modified_time\" content=\"2025-01-24T16:14:52+00:00\" \/>\n<meta property=\"og:image\" content=\"https:\/\/zirkonshop.de\/wp-content\/uploads\/2025\/01\/Splitcast.webp\" \/>\n\t<meta property=\"og:image:width\" content=\"1200\" \/>\n\t<meta property=\"og:image:height\" content=\"1200\" \/>\n\t<meta property=\"og:image:type\" content=\"image\/webp\" \/>\n<meta name=\"twitter:card\" content=\"summary_large_image\" \/>\n<meta name=\"twitter:label1\" content=\"Est. reading time\" \/>\n\t<meta name=\"twitter:data1\" content=\"1 minute\" \/>\n<script type=\"application\/ld+json\" class=\"yoast-schema-graph\">{\"@context\":\"https:\/\/schema.org\",\"@graph\":[{\"@type\":\"WebPage\",\"@id\":\"https:\/\/zirkonshop.de\/en\/produkt\/cs-2-split-cast-adapter-inklusive-dynamischer-arti-software\/\",\"url\":\"https:\/\/zirkonshop.de\/en\/produkt\/cs-2-split-cast-adapter-inklusive-dynamischer-arti-software\/\",\"name\":\"CS.2 Split Cast Adapter inklusive Dynamischer Arti-Software - ZirkonShop\",\"isPartOf\":{\"@id\":\"https:\/\/zirkonshop.de\/#website\"},\"primaryImageOfPage\":{\"@id\":\"https:\/\/zirkonshop.de\/en\/produkt\/cs-2-split-cast-adapter-inklusive-dynamischer-arti-software\/#primaryimage\"},\"image\":{\"@id\":\"https:\/\/zirkonshop.de\/en\/produkt\/cs-2-split-cast-adapter-inklusive-dynamischer-arti-software\/#primaryimage\"},\"thumbnailUrl\":\"https:\/\/zirkonshop.de\/wp-content\/uploads\/2025\/01\/Splitcast.webp\",\"datePublished\":\"2025-01-24T16:03:20+00:00\",\"dateModified\":\"2025-01-24T16:14:52+00:00\",\"breadcrumb\":{\"@id\":\"https:\/\/zirkonshop.de\/en\/produkt\/cs-2-split-cast-adapter-inklusive-dynamischer-arti-software\/#breadcrumb\"},\"inLanguage\":\"en-US\",\"potentialAction\":[{\"@type\":\"ReadAction\",\"target\":[\"https:\/\/zirkonshop.de\/en\/produkt\/cs-2-split-cast-adapter-inklusive-dynamischer-arti-software\/\"]}]},{\"@type\":\"ImageObject\",\"inLanguage\":\"en-US\",\"@id\":\"https:\/\/zirkonshop.de\/en\/produkt\/cs-2-split-cast-adapter-inklusive-dynamischer-arti-software\/#primaryimage\",\"url\":\"https:\/\/zirkonshop.de\/wp-content\/uploads\/2025\/01\/Splitcast.webp\",\"contentUrl\":\"https:\/\/zirkonshop.de\/wp-content\/uploads\/2025\/01\/Splitcast.webp\",\"width\":1200,\"height\":1200},{\"@type\":\"BreadcrumbList\",\"@id\":\"https:\/\/zirkonshop.de\/en\/produkt\/cs-2-split-cast-adapter-inklusive-dynamischer-arti-software\/#breadcrumb\",\"itemListElement\":[{\"@type\":\"ListItem\",\"position\":1,\"name\":\"Startseite\",\"item\":\"https:\/\/zirkonshop.de\/en\/startseite\/\"},{\"@type\":\"ListItem\",\"position\":2,\"name\":\"Shop\",\"item\":\"https:\/\/zirkonshop.de\/shop\/\"},{\"@type\":\"ListItem\",\"position\":3,\"name\":\"CS.2 Split Cast Adapter inklusive Dynamischer Arti-Software\"}]},{\"@type\":\"WebSite\",\"@id\":\"https:\/\/zirkonshop.de\/#website\",\"url\":\"https:\/\/zirkonshop.de\/\",\"name\":\"ZirkonShop\",\"description\":\"\",\"potentialAction\":[{\"@type\":\"SearchAction\",\"target\":{\"@type\":\"EntryPoint\",\"urlTemplate\":\"https:\/\/zirkonshop.de\/?s={search_term_string}\"},\"query-input\":{\"@type\":\"PropertyValueSpecification\",\"valueRequired\":true,\"valueName\":\"search_term_string\"}}],\"inLanguage\":\"en-US\"}]}<\/script>\n<!-- \/ Yoast SEO plugin. -->","yoast_head_json":{"title":"CS.2 Split Cast Adapter inklusive Dynamischer Arti-Software - ZirkonShop","robots":{"index":"index","follow":"follow","max-snippet":"max-snippet:-1","max-image-preview":"max-image-preview:large","max-video-preview":"max-video-preview:-1"},"canonical":"https:\/\/zirkonshop.de\/en\/produkt\/cs-2-split-cast-adapter-inklusive-dynamischer-arti-software\/","og_locale":"en_US","og_type":"article","og_title":"CS.2 Split Cast Adapter inklusive Dynamischer Arti-Software - ZirkonShop","og_description":"Mithilfe der optional erh\u00e4ltlichen Split Cast Adapter k\u00f6nnen Bisssituationen der g\u00e4ngigsten Artikulatoren anatomisch korrekt und ohne Pr\u00e4zisionsverlust in die Software \u00fcbernommen werden. Wir empfehlen dieses Zubeh\u00f6rteil vor allem f\u00fcr Nutzer der folgenden Zusatzpakete: Virtueller Artikulator, Schienen Modul.  Split Cast Adapter sind kompatibel zu:  \u2022 Artex \/ Adesso \u2022 Bioart A7 \u2022 Denar Mark2 \u2022 KaVo Protar \u2022 Quicksplit \u2022 SAM \u2022 Gamma  * optionales Zubeh\u00f6r","og_url":"https:\/\/zirkonshop.de\/en\/produkt\/cs-2-split-cast-adapter-inklusive-dynamischer-arti-software\/","og_site_name":"ZirkonShop","article_modified_time":"2025-01-24T16:14:52+00:00","og_image":[{"width":1200,"height":1200,"url":"https:\/\/zirkonshop.de\/wp-content\/uploads\/2025\/01\/Splitcast.webp","type":"image\/webp"}],"twitter_card":"summary_large_image","twitter_misc":{"Est. reading time":"1 minute"},"schema":{"@context":"https:\/\/schema.org","@graph":[{"@type":"WebPage","@id":"https:\/\/zirkonshop.de\/en\/produkt\/cs-2-split-cast-adapter-inklusive-dynamischer-arti-software\/","url":"https:\/\/zirkonshop.de\/en\/produkt\/cs-2-split-cast-adapter-inklusive-dynamischer-arti-software\/","name":"CS.2 Split Cast Adapter inklusive Dynamischer Arti-Software - ZirkonShop","isPartOf":{"@id":"https:\/\/zirkonshop.de\/#website"},"primaryImageOfPage":{"@id":"https:\/\/zirkonshop.de\/en\/produkt\/cs-2-split-cast-adapter-inklusive-dynamischer-arti-software\/#primaryimage"},"image":{"@id":"https:\/\/zirkonshop.de\/en\/produkt\/cs-2-split-cast-adapter-inklusive-dynamischer-arti-software\/#primaryimage"},"thumbnailUrl":"https:\/\/zirkonshop.de\/wp-content\/uploads\/2025\/01\/Splitcast.webp","datePublished":"2025-01-24T16:03:20+00:00","dateModified":"2025-01-24T16:14:52+00:00","breadcrumb":{"@id":"https:\/\/zirkonshop.de\/en\/produkt\/cs-2-split-cast-adapter-inklusive-dynamischer-arti-software\/#breadcrumb"},"inLanguage":"en-US","potentialAction":[{"@type":"ReadAction","target":["https:\/\/zirkonshop.de\/en\/produkt\/cs-2-split-cast-adapter-inklusive-dynamischer-arti-software\/"]}]},{"@type":"ImageObject","inLanguage":"en-US","@id":"https:\/\/zirkonshop.de\/en\/produkt\/cs-2-split-cast-adapter-inklusive-dynamischer-arti-software\/#primaryimage","url":"https:\/\/zirkonshop.de\/wp-content\/uploads\/2025\/01\/Splitcast.webp","contentUrl":"https:\/\/zirkonshop.de\/wp-content\/uploads\/2025\/01\/Splitcast.webp","width":1200,"height":1200},{"@type":"BreadcrumbList","@id":"https:\/\/zirkonshop.de\/en\/produkt\/cs-2-split-cast-adapter-inklusive-dynamischer-arti-software\/#breadcrumb","itemListElement":[{"@type":"ListItem","position":1,"name":"Startseite","item":"https:\/\/zirkonshop.de\/en\/startseite\/"},{"@type":"ListItem","position":2,"name":"Shop","item":"https:\/\/zirkonshop.de\/shop\/"},{"@type":"ListItem","position":3,"name":"CS.2 Split Cast Adapter inklusive Dynamischer Arti-Software"}]},{"@type":"WebSite","@id":"https:\/\/zirkonshop.de\/#website","url":"https:\/\/zirkonshop.de\/","name":"ZirkonShop","description":"","potentialAction":[{"@type":"SearchAction","target":{"@type":"EntryPoint","urlTemplate":"https:\/\/zirkonshop.de\/?s={search_term_string}"},"query-input":{"@type":"PropertyValueSpecification","valueRequired":true,"valueName":"search_term_string"}}],"inLanguage":"en-US"}]}},"_links":{"self":[{"href":"https:\/\/zirkonshop.de\/en\/wp-json\/wp\/v2\/product\/7117","targetHints":{"allow":["GET"]}}],"collection":[{"href":"https:\/\/zirkonshop.de\/en\/wp-json\/wp\/v2\/product"}],"about":[{"href":"https:\/\/zirkonshop.de\/en\/wp-json\/wp\/v2\/types\/product"}],"wp:featuredmedia":[{"embeddable":true,"href":"https:\/\/zirkonshop.de\/en\/wp-json\/wp\/v2\/media\/7083"}],"wp:attachment":[{"href":"https:\/\/zirkonshop.de\/en\/wp-json\/wp\/v2\/media?parent=7117"}],"wp:term":[{"taxonomy":"product_brand","embeddable":true,"href":"https:\/\/zirkonshop.de\/en\/wp-json\/wp\/v2\/product_brand?post=7117"},{"taxonomy":"product_cat","embeddable":true,"href":"https:\/\/zirkonshop.de\/en\/wp-json\/wp\/v2\/product_cat?post=7117"},{"taxonomy":"product_tag","embeddable":true,"href":"https:\/\/zirkonshop.de\/en\/wp-json\/wp\/v2\/product_tag?post=7117"}],"curies":[{"name":"wp","href":"https:\/\/api.w.org\/{rel}","templated":true}]}}