{"id":7090,"date":"2025-01-24T14:45:37","date_gmt":"2025-01-24T13:45:37","guid":{"rendered":"https:\/\/zirkonshop.de\/?post_type=product&#038;p=7090"},"modified":"2025-01-24T15:19:27","modified_gmt":"2025-01-24T14:19:27","slug":"cs-2-arti-basis-fuer-den-artikulator","status":"publish","type":"product","link":"https:\/\/zirkonshop.de\/en\/produkt\/cs-2-arti-basis-fuer-den-artikulator\/","title":{"rendered":"CS.2 Arti-Basis f\u00fcr den Artikulator"},"content":{"rendered":"","protected":false},"excerpt":{"rendered":"<p>Die offene Konstruktion des Scanners erm\u00f6glicht es dem Anwender mit Hilfe der Arti Base alle g\u00e4ngigen Artikulatoren komplett zu digitalisieren. Der Scanner erfasst automatisch den gesamten vestibul\u00e4ren Bereich der einartikulierten Modelle \u2013 l\u00e4stiges fixieren von Ober- und Unterkiefer entf\u00e4llt.<\/p>\n<p>&nbsp;<\/p>\n<p>Standardzubeh\u00f6r f\u00fcr:<\/p>\n<ul>\n<li>\u2022 CS.Neo2 Classic<\/li>\n<li>\u2022 CS.Neo2 Pro<\/li>\n<li>\u2022 CS.Neo2 Max<\/li>\n<\/ul>\n","protected":false},"featured_media":7067,"template":"","meta":{"_acf_changed":false},"product_brand":[],"product_cat":[18],"product_tag":[],"class_list":{"0":"post-7090","1":"product","2":"type-product","3":"status-publish","4":"has-post-thumbnail","6":"product_cat-cadcam","8":"first","9":"instock","10":"taxable","11":"shipping-taxable","12":"purchasable","13":"product-type-simple"},"acf":[],"yoast_head":"<!-- This site is optimized with the Yoast SEO plugin v26.1.1 - https:\/\/yoast.com\/wordpress\/plugins\/seo\/ -->\n<title>CS.2 Arti-Basis f\u00fcr den Artikulator - ZirkonShop<\/title>\n<meta name=\"robots\" content=\"index, follow, max-snippet:-1, max-image-preview:large, max-video-preview:-1\" \/>\n<link rel=\"canonical\" href=\"https:\/\/zirkonshop.de\/en\/produkt\/cs-2-arti-basis-fuer-den-artikulator\/\" \/>\n<meta property=\"og:locale\" content=\"en_US\" \/>\n<meta property=\"og:type\" content=\"article\" \/>\n<meta property=\"og:title\" content=\"CS.2 Arti-Basis f\u00fcr den Artikulator - ZirkonShop\" \/>\n<meta property=\"og:description\" content=\"Die offene Konstruktion des Scanners erm\u00f6glicht es dem Anwender mit Hilfe der Arti Base alle g\u00e4ngigen Artikulatoren komplett zu digitalisieren. Der Scanner erfasst automatisch den gesamten vestibul\u00e4ren Bereich der einartikulierten Modelle \u2013 l\u00e4stiges fixieren von Ober- und Unterkiefer entf\u00e4llt.  &nbsp;  Standardzubeh\u00f6r f\u00fcr:   \u2022 CS.Neo2 Classic  \u2022 CS.Neo2 Pro  \u2022 CS.Neo2 Max\" \/>\n<meta property=\"og:url\" content=\"https:\/\/zirkonshop.de\/en\/produkt\/cs-2-arti-basis-fuer-den-artikulator\/\" \/>\n<meta property=\"og:site_name\" content=\"ZirkonShop\" \/>\n<meta property=\"article:modified_time\" content=\"2025-01-24T14:19:27+00:00\" \/>\n<meta property=\"og:image\" content=\"https:\/\/zirkonshop.de\/wp-content\/uploads\/2025\/01\/Arti_Base.webp\" \/>\n\t<meta property=\"og:image:width\" content=\"1200\" \/>\n\t<meta property=\"og:image:height\" content=\"1200\" \/>\n\t<meta property=\"og:image:type\" content=\"image\/webp\" \/>\n<meta name=\"twitter:card\" content=\"summary_large_image\" \/>\n<meta name=\"twitter:label1\" content=\"Est. reading time\" \/>\n\t<meta name=\"twitter:data1\" content=\"1 minute\" \/>\n<script type=\"application\/ld+json\" class=\"yoast-schema-graph\">{\"@context\":\"https:\/\/schema.org\",\"@graph\":[{\"@type\":\"WebPage\",\"@id\":\"https:\/\/zirkonshop.de\/en\/produkt\/cs-2-arti-basis-fuer-den-artikulator\/\",\"url\":\"https:\/\/zirkonshop.de\/en\/produkt\/cs-2-arti-basis-fuer-den-artikulator\/\",\"name\":\"CS.2 Arti-Basis f\u00fcr den Artikulator - ZirkonShop\",\"isPartOf\":{\"@id\":\"https:\/\/zirkonshop.de\/#website\"},\"primaryImageOfPage\":{\"@id\":\"https:\/\/zirkonshop.de\/en\/produkt\/cs-2-arti-basis-fuer-den-artikulator\/#primaryimage\"},\"image\":{\"@id\":\"https:\/\/zirkonshop.de\/en\/produkt\/cs-2-arti-basis-fuer-den-artikulator\/#primaryimage\"},\"thumbnailUrl\":\"https:\/\/zirkonshop.de\/wp-content\/uploads\/2025\/01\/Arti_Base.webp\",\"datePublished\":\"2025-01-24T13:45:37+00:00\",\"dateModified\":\"2025-01-24T14:19:27+00:00\",\"breadcrumb\":{\"@id\":\"https:\/\/zirkonshop.de\/en\/produkt\/cs-2-arti-basis-fuer-den-artikulator\/#breadcrumb\"},\"inLanguage\":\"en-US\",\"potentialAction\":[{\"@type\":\"ReadAction\",\"target\":[\"https:\/\/zirkonshop.de\/en\/produkt\/cs-2-arti-basis-fuer-den-artikulator\/\"]}]},{\"@type\":\"ImageObject\",\"inLanguage\":\"en-US\",\"@id\":\"https:\/\/zirkonshop.de\/en\/produkt\/cs-2-arti-basis-fuer-den-artikulator\/#primaryimage\",\"url\":\"https:\/\/zirkonshop.de\/wp-content\/uploads\/2025\/01\/Arti_Base.webp\",\"contentUrl\":\"https:\/\/zirkonshop.de\/wp-content\/uploads\/2025\/01\/Arti_Base.webp\",\"width\":1200,\"height\":1200},{\"@type\":\"BreadcrumbList\",\"@id\":\"https:\/\/zirkonshop.de\/en\/produkt\/cs-2-arti-basis-fuer-den-artikulator\/#breadcrumb\",\"itemListElement\":[{\"@type\":\"ListItem\",\"position\":1,\"name\":\"Startseite\",\"item\":\"https:\/\/zirkonshop.de\/en\/startseite\/\"},{\"@type\":\"ListItem\",\"position\":2,\"name\":\"Shop\",\"item\":\"https:\/\/zirkonshop.de\/shop\/\"},{\"@type\":\"ListItem\",\"position\":3,\"name\":\"CS.2 Arti-Basis f\u00fcr den Artikulator\"}]},{\"@type\":\"WebSite\",\"@id\":\"https:\/\/zirkonshop.de\/#website\",\"url\":\"https:\/\/zirkonshop.de\/\",\"name\":\"ZirkonShop\",\"description\":\"\",\"potentialAction\":[{\"@type\":\"SearchAction\",\"target\":{\"@type\":\"EntryPoint\",\"urlTemplate\":\"https:\/\/zirkonshop.de\/?s={search_term_string}\"},\"query-input\":{\"@type\":\"PropertyValueSpecification\",\"valueRequired\":true,\"valueName\":\"search_term_string\"}}],\"inLanguage\":\"en-US\"}]}<\/script>\n<!-- \/ Yoast SEO plugin. -->","yoast_head_json":{"title":"CS.2 Arti-Basis f\u00fcr den Artikulator - ZirkonShop","robots":{"index":"index","follow":"follow","max-snippet":"max-snippet:-1","max-image-preview":"max-image-preview:large","max-video-preview":"max-video-preview:-1"},"canonical":"https:\/\/zirkonshop.de\/en\/produkt\/cs-2-arti-basis-fuer-den-artikulator\/","og_locale":"en_US","og_type":"article","og_title":"CS.2 Arti-Basis f\u00fcr den Artikulator - ZirkonShop","og_description":"Die offene Konstruktion des Scanners erm\u00f6glicht es dem Anwender mit Hilfe der Arti Base alle g\u00e4ngigen Artikulatoren komplett zu digitalisieren. Der Scanner erfasst automatisch den gesamten vestibul\u00e4ren Bereich der einartikulierten Modelle \u2013 l\u00e4stiges fixieren von Ober- und Unterkiefer entf\u00e4llt.  &nbsp;  Standardzubeh\u00f6r f\u00fcr:   \u2022 CS.Neo2 Classic  \u2022 CS.Neo2 Pro  \u2022 CS.Neo2 Max","og_url":"https:\/\/zirkonshop.de\/en\/produkt\/cs-2-arti-basis-fuer-den-artikulator\/","og_site_name":"ZirkonShop","article_modified_time":"2025-01-24T14:19:27+00:00","og_image":[{"width":1200,"height":1200,"url":"https:\/\/zirkonshop.de\/wp-content\/uploads\/2025\/01\/Arti_Base.webp","type":"image\/webp"}],"twitter_card":"summary_large_image","twitter_misc":{"Est. reading time":"1 minute"},"schema":{"@context":"https:\/\/schema.org","@graph":[{"@type":"WebPage","@id":"https:\/\/zirkonshop.de\/en\/produkt\/cs-2-arti-basis-fuer-den-artikulator\/","url":"https:\/\/zirkonshop.de\/en\/produkt\/cs-2-arti-basis-fuer-den-artikulator\/","name":"CS.2 Arti-Basis f\u00fcr den Artikulator - ZirkonShop","isPartOf":{"@id":"https:\/\/zirkonshop.de\/#website"},"primaryImageOfPage":{"@id":"https:\/\/zirkonshop.de\/en\/produkt\/cs-2-arti-basis-fuer-den-artikulator\/#primaryimage"},"image":{"@id":"https:\/\/zirkonshop.de\/en\/produkt\/cs-2-arti-basis-fuer-den-artikulator\/#primaryimage"},"thumbnailUrl":"https:\/\/zirkonshop.de\/wp-content\/uploads\/2025\/01\/Arti_Base.webp","datePublished":"2025-01-24T13:45:37+00:00","dateModified":"2025-01-24T14:19:27+00:00","breadcrumb":{"@id":"https:\/\/zirkonshop.de\/en\/produkt\/cs-2-arti-basis-fuer-den-artikulator\/#breadcrumb"},"inLanguage":"en-US","potentialAction":[{"@type":"ReadAction","target":["https:\/\/zirkonshop.de\/en\/produkt\/cs-2-arti-basis-fuer-den-artikulator\/"]}]},{"@type":"ImageObject","inLanguage":"en-US","@id":"https:\/\/zirkonshop.de\/en\/produkt\/cs-2-arti-basis-fuer-den-artikulator\/#primaryimage","url":"https:\/\/zirkonshop.de\/wp-content\/uploads\/2025\/01\/Arti_Base.webp","contentUrl":"https:\/\/zirkonshop.de\/wp-content\/uploads\/2025\/01\/Arti_Base.webp","width":1200,"height":1200},{"@type":"BreadcrumbList","@id":"https:\/\/zirkonshop.de\/en\/produkt\/cs-2-arti-basis-fuer-den-artikulator\/#breadcrumb","itemListElement":[{"@type":"ListItem","position":1,"name":"Startseite","item":"https:\/\/zirkonshop.de\/en\/startseite\/"},{"@type":"ListItem","position":2,"name":"Shop","item":"https:\/\/zirkonshop.de\/shop\/"},{"@type":"ListItem","position":3,"name":"CS.2 Arti-Basis f\u00fcr den Artikulator"}]},{"@type":"WebSite","@id":"https:\/\/zirkonshop.de\/#website","url":"https:\/\/zirkonshop.de\/","name":"ZirkonShop","description":"","potentialAction":[{"@type":"SearchAction","target":{"@type":"EntryPoint","urlTemplate":"https:\/\/zirkonshop.de\/?s={search_term_string}"},"query-input":{"@type":"PropertyValueSpecification","valueRequired":true,"valueName":"search_term_string"}}],"inLanguage":"en-US"}]}},"_links":{"self":[{"href":"https:\/\/zirkonshop.de\/en\/wp-json\/wp\/v2\/product\/7090","targetHints":{"allow":["GET"]}}],"collection":[{"href":"https:\/\/zirkonshop.de\/en\/wp-json\/wp\/v2\/product"}],"about":[{"href":"https:\/\/zirkonshop.de\/en\/wp-json\/wp\/v2\/types\/product"}],"wp:featuredmedia":[{"embeddable":true,"href":"https:\/\/zirkonshop.de\/en\/wp-json\/wp\/v2\/media\/7067"}],"wp:attachment":[{"href":"https:\/\/zirkonshop.de\/en\/wp-json\/wp\/v2\/media?parent=7090"}],"wp:term":[{"taxonomy":"product_brand","embeddable":true,"href":"https:\/\/zirkonshop.de\/en\/wp-json\/wp\/v2\/product_brand?post=7090"},{"taxonomy":"product_cat","embeddable":true,"href":"https:\/\/zirkonshop.de\/en\/wp-json\/wp\/v2\/product_cat?post=7090"},{"taxonomy":"product_tag","embeddable":true,"href":"https:\/\/zirkonshop.de\/en\/wp-json\/wp\/v2\/product_tag?post=7090"}],"curies":[{"name":"wp","href":"https:\/\/api.w.org\/{rel}","templated":true}]}}