{"id":6928,"date":"2025-01-14T15:20:33","date_gmt":"2025-01-14T14:20:33","guid":{"rendered":"https:\/\/zirkonshop.de\/?post_type=product&#038;p=6928"},"modified":"2025-01-24T19:27:55","modified_gmt":"2025-01-24T18:27:55","slug":"alliedstar-as200e","status":"publish","type":"product","link":"https:\/\/zirkonshop.de\/en\/produkt\/alliedstar-as200e\/","title":{"rendered":"AlliedStar AS200E"},"content":{"rendered":"\n<h2 class=\"wp-block-heading has-text-align-center\">Spezifikationen<\/h2>\n\n\n\n<div class=\"wp-block-columns is-layout-flex wp-container-core-columns-is-layout-9d6595d7 wp-block-columns-is-layout-flex\">\n<div class=\"wp-block-column is-layout-flow wp-block-column-is-layout-flow\">\n<p class=\"has-text-align-center\">Handst\u00fcck<\/p>\n<\/div>\n\n\n\n<div class=\"wp-block-column is-layout-flow wp-block-column-is-layout-flow\">\n<p class=\"has-text-align-left\">Abmessungen [BxHxT]<\/p>\n\n\n\n<p>Gewicht<\/p>\n<\/div>\n\n\n\n<div class=\"wp-block-column is-layout-flow wp-block-column-is-layout-flow\">\n<p class=\"has-text-color has-link-color wp-elements-a8cc9cd44edaf0ded030e122186af806\" style=\"color:#296dda\">248 x 48 x 37 mm<\/p>\n\n\n\n<p class=\"has-text-color has-link-color wp-elements-a99a972f97139457dcc0ed8ce39638a8\" style=\"color:#296dda\">245g (mit Batterie)<\/p>\n<\/div>\n<\/div>\n\n\n\n<div class=\"wp-block-columns is-layout-flex wp-container-core-columns-is-layout-9d6595d7 wp-block-columns-is-layout-flex\">\n<div class=\"wp-block-column is-layout-flow wp-block-column-is-layout-flow\">\n<p class=\"has-text-align-center\">Scannen<\/p>\n<\/div>\n\n\n\n<div class=\"wp-block-column is-layout-flow wp-block-column-is-layout-flow\">\n<p class=\"has-text-align-left\">Genauigkeit Modellscan<\/p>\n\n\n\n<p>Sichtfeld (FOV)<\/p>\n<\/div>\n\n\n\n<div class=\"wp-block-column is-layout-flow wp-block-column-is-layout-flow\">\n<p>20 \u03bcm<\/p>\n\n\n\n<p>16 x 14 mm (L)<\/p>\n\n\n\n<p>12 x 12 mm (S)<\/p>\n<\/div>\n<\/div>\n\n\n\n<div class=\"wp-block-columns is-layout-flex wp-container-core-columns-is-layout-9d6595d7 wp-block-columns-is-layout-flex\">\n<div class=\"wp-block-column is-layout-flow wp-block-column-is-layout-flow\">\n<p class=\"has-text-align-center\">Scankappe<\/p>\n<\/div>\n\n\n\n<div class=\"wp-block-column is-layout-flow wp-block-column-is-layout-flow\">\n<p class=\"has-text-align-left\">Gr\u00f6\u00dfe<\/p>\n\n\n\n<p>Sichtfeld (FOV)<\/p>\n<\/div>\n\n\n\n<div class=\"wp-block-column is-layout-flow wp-block-column-is-layout-flow\">\n<p>22 x 18 mm (L)<\/p>\n\n\n\n<p>18 x 16 mm (S)<\/p>\n\n\n\n<p><\/p>\n<\/div>\n<\/div>\n\n\n\n<p><\/p>\n","protected":false},"excerpt":{"rendered":"<p>Das Flaggschiff unter den kabellosen Intraoralscannern, das sich durch sorgf\u00e4ltiges Design, ganzt\u00e4gige Akkulaufzeit, m\u00fchelose Bedienung und ein dynamisches \u00d6kosystem auszeichnet. Es ist der ultimative Intraoralscanner f\u00fcr Einsteiger und Profis.<\/p>\n<ul>\n<li>Bis zu 2 Stunden kontinuierliches Scannen<\/li>\n<li>20Sekunden Kieferscan<\/li>\n<li>60 Sekunden Kiefer- &amp; Bissscan<\/li>\n<li>kabellos<\/li>\n<li>hochaufl\u00f6sende Bilder<\/li>\n<li>naturgetreue Farbwiedergabe<\/li>\n<li>keine Kalibrierung notwendig<\/li>\n<\/ul>\n","protected":false},"featured_media":6700,"template":"","meta":{"_acf_changed":false},"product_brand":[],"product_cat":[18],"product_tag":[],"class_list":{"0":"post-6928","1":"product","2":"type-product","3":"status-publish","4":"has-post-thumbnail","6":"product_cat-cadcam","8":"first","9":"instock","10":"taxable","11":"shipping-taxable","12":"purchasable","13":"product-type-simple"},"acf":[],"yoast_head":"<!-- This site is optimized with the Yoast SEO plugin v26.1.1 - https:\/\/yoast.com\/wordpress\/plugins\/seo\/ -->\n<title>AlliedStar AS200E - ZirkonShop<\/title>\n<meta name=\"robots\" content=\"index, follow, max-snippet:-1, max-image-preview:large, max-video-preview:-1\" \/>\n<link rel=\"canonical\" href=\"https:\/\/zirkonshop.de\/en\/produkt\/alliedstar-as200e\/\" \/>\n<meta property=\"og:locale\" content=\"en_US\" \/>\n<meta property=\"og:type\" content=\"article\" \/>\n<meta property=\"og:title\" content=\"AlliedStar AS200E - ZirkonShop\" \/>\n<meta property=\"og:description\" content=\"Das Flaggschiff unter den kabellosen Intraoralscannern, das sich durch sorgf\u00e4ltiges Design, ganzt\u00e4gige Akkulaufzeit, m\u00fchelose Bedienung und ein dynamisches \u00d6kosystem auszeichnet. Es ist der ultimative Intraoralscanner f\u00fcr Einsteiger und Profis.   Bis zu 2 Stunden kontinuierliches Scannen  20Sekunden Kieferscan  60 Sekunden Kiefer- &amp; Bissscan  kabellos  hochaufl\u00f6sende Bilder  naturgetreue Farbwiedergabe  keine Kalibrierung notwendig\" \/>\n<meta property=\"og:url\" content=\"https:\/\/zirkonshop.de\/en\/produkt\/alliedstar-as200e\/\" \/>\n<meta property=\"og:site_name\" content=\"ZirkonShop\" \/>\n<meta property=\"article:modified_time\" content=\"2025-01-24T18:27:55+00:00\" \/>\n<meta property=\"og:image\" content=\"https:\/\/zirkonshop.de\/wp-content\/uploads\/2024\/11\/AlliedStar-AS200E.webp\" \/>\n\t<meta property=\"og:image:width\" content=\"500\" \/>\n\t<meta property=\"og:image:height\" content=\"1120\" \/>\n\t<meta property=\"og:image:type\" content=\"image\/webp\" \/>\n<meta name=\"twitter:card\" content=\"summary_large_image\" \/>\n<meta name=\"twitter:label1\" content=\"Est. reading time\" \/>\n\t<meta name=\"twitter:data1\" content=\"1 minute\" \/>\n<script type=\"application\/ld+json\" class=\"yoast-schema-graph\">{\"@context\":\"https:\/\/schema.org\",\"@graph\":[{\"@type\":\"WebPage\",\"@id\":\"https:\/\/zirkonshop.de\/en\/produkt\/alliedstar-as200e\/\",\"url\":\"https:\/\/zirkonshop.de\/en\/produkt\/alliedstar-as200e\/\",\"name\":\"AlliedStar AS200E - ZirkonShop\",\"isPartOf\":{\"@id\":\"https:\/\/zirkonshop.de\/#website\"},\"primaryImageOfPage\":{\"@id\":\"https:\/\/zirkonshop.de\/en\/produkt\/alliedstar-as200e\/#primaryimage\"},\"image\":{\"@id\":\"https:\/\/zirkonshop.de\/en\/produkt\/alliedstar-as200e\/#primaryimage\"},\"thumbnailUrl\":\"https:\/\/zirkonshop.de\/wp-content\/uploads\/2024\/11\/AlliedStar-AS200E.webp\",\"datePublished\":\"2025-01-14T14:20:33+00:00\",\"dateModified\":\"2025-01-24T18:27:55+00:00\",\"breadcrumb\":{\"@id\":\"https:\/\/zirkonshop.de\/en\/produkt\/alliedstar-as200e\/#breadcrumb\"},\"inLanguage\":\"en-US\",\"potentialAction\":[{\"@type\":\"ReadAction\",\"target\":[\"https:\/\/zirkonshop.de\/en\/produkt\/alliedstar-as200e\/\"]}]},{\"@type\":\"ImageObject\",\"inLanguage\":\"en-US\",\"@id\":\"https:\/\/zirkonshop.de\/en\/produkt\/alliedstar-as200e\/#primaryimage\",\"url\":\"https:\/\/zirkonshop.de\/wp-content\/uploads\/2024\/11\/AlliedStar-AS200E.webp\",\"contentUrl\":\"https:\/\/zirkonshop.de\/wp-content\/uploads\/2024\/11\/AlliedStar-AS200E.webp\",\"width\":500,\"height\":1120},{\"@type\":\"BreadcrumbList\",\"@id\":\"https:\/\/zirkonshop.de\/en\/produkt\/alliedstar-as200e\/#breadcrumb\",\"itemListElement\":[{\"@type\":\"ListItem\",\"position\":1,\"name\":\"Startseite\",\"item\":\"https:\/\/zirkonshop.de\/en\/startseite\/\"},{\"@type\":\"ListItem\",\"position\":2,\"name\":\"Shop\",\"item\":\"https:\/\/zirkonshop.de\/shop\/\"},{\"@type\":\"ListItem\",\"position\":3,\"name\":\"AlliedStar AS200E\"}]},{\"@type\":\"WebSite\",\"@id\":\"https:\/\/zirkonshop.de\/#website\",\"url\":\"https:\/\/zirkonshop.de\/\",\"name\":\"ZirkonShop\",\"description\":\"\",\"potentialAction\":[{\"@type\":\"SearchAction\",\"target\":{\"@type\":\"EntryPoint\",\"urlTemplate\":\"https:\/\/zirkonshop.de\/?s={search_term_string}\"},\"query-input\":{\"@type\":\"PropertyValueSpecification\",\"valueRequired\":true,\"valueName\":\"search_term_string\"}}],\"inLanguage\":\"en-US\"}]}<\/script>\n<!-- \/ Yoast SEO plugin. -->","yoast_head_json":{"title":"AlliedStar AS200E - ZirkonShop","robots":{"index":"index","follow":"follow","max-snippet":"max-snippet:-1","max-image-preview":"max-image-preview:large","max-video-preview":"max-video-preview:-1"},"canonical":"https:\/\/zirkonshop.de\/en\/produkt\/alliedstar-as200e\/","og_locale":"en_US","og_type":"article","og_title":"AlliedStar AS200E - ZirkonShop","og_description":"Das Flaggschiff unter den kabellosen Intraoralscannern, das sich durch sorgf\u00e4ltiges Design, ganzt\u00e4gige Akkulaufzeit, m\u00fchelose Bedienung und ein dynamisches \u00d6kosystem auszeichnet. Es ist der ultimative Intraoralscanner f\u00fcr Einsteiger und Profis.   Bis zu 2 Stunden kontinuierliches Scannen  20Sekunden Kieferscan  60 Sekunden Kiefer- &amp; Bissscan  kabellos  hochaufl\u00f6sende Bilder  naturgetreue Farbwiedergabe  keine Kalibrierung notwendig","og_url":"https:\/\/zirkonshop.de\/en\/produkt\/alliedstar-as200e\/","og_site_name":"ZirkonShop","article_modified_time":"2025-01-24T18:27:55+00:00","og_image":[{"width":500,"height":1120,"url":"https:\/\/zirkonshop.de\/wp-content\/uploads\/2024\/11\/AlliedStar-AS200E.webp","type":"image\/webp"}],"twitter_card":"summary_large_image","twitter_misc":{"Est. reading time":"1 minute"},"schema":{"@context":"https:\/\/schema.org","@graph":[{"@type":"WebPage","@id":"https:\/\/zirkonshop.de\/en\/produkt\/alliedstar-as200e\/","url":"https:\/\/zirkonshop.de\/en\/produkt\/alliedstar-as200e\/","name":"AlliedStar AS200E - ZirkonShop","isPartOf":{"@id":"https:\/\/zirkonshop.de\/#website"},"primaryImageOfPage":{"@id":"https:\/\/zirkonshop.de\/en\/produkt\/alliedstar-as200e\/#primaryimage"},"image":{"@id":"https:\/\/zirkonshop.de\/en\/produkt\/alliedstar-as200e\/#primaryimage"},"thumbnailUrl":"https:\/\/zirkonshop.de\/wp-content\/uploads\/2024\/11\/AlliedStar-AS200E.webp","datePublished":"2025-01-14T14:20:33+00:00","dateModified":"2025-01-24T18:27:55+00:00","breadcrumb":{"@id":"https:\/\/zirkonshop.de\/en\/produkt\/alliedstar-as200e\/#breadcrumb"},"inLanguage":"en-US","potentialAction":[{"@type":"ReadAction","target":["https:\/\/zirkonshop.de\/en\/produkt\/alliedstar-as200e\/"]}]},{"@type":"ImageObject","inLanguage":"en-US","@id":"https:\/\/zirkonshop.de\/en\/produkt\/alliedstar-as200e\/#primaryimage","url":"https:\/\/zirkonshop.de\/wp-content\/uploads\/2024\/11\/AlliedStar-AS200E.webp","contentUrl":"https:\/\/zirkonshop.de\/wp-content\/uploads\/2024\/11\/AlliedStar-AS200E.webp","width":500,"height":1120},{"@type":"BreadcrumbList","@id":"https:\/\/zirkonshop.de\/en\/produkt\/alliedstar-as200e\/#breadcrumb","itemListElement":[{"@type":"ListItem","position":1,"name":"Startseite","item":"https:\/\/zirkonshop.de\/en\/startseite\/"},{"@type":"ListItem","position":2,"name":"Shop","item":"https:\/\/zirkonshop.de\/shop\/"},{"@type":"ListItem","position":3,"name":"AlliedStar AS200E"}]},{"@type":"WebSite","@id":"https:\/\/zirkonshop.de\/#website","url":"https:\/\/zirkonshop.de\/","name":"ZirkonShop","description":"","potentialAction":[{"@type":"SearchAction","target":{"@type":"EntryPoint","urlTemplate":"https:\/\/zirkonshop.de\/?s={search_term_string}"},"query-input":{"@type":"PropertyValueSpecification","valueRequired":true,"valueName":"search_term_string"}}],"inLanguage":"en-US"}]}},"_links":{"self":[{"href":"https:\/\/zirkonshop.de\/en\/wp-json\/wp\/v2\/product\/6928","targetHints":{"allow":["GET"]}}],"collection":[{"href":"https:\/\/zirkonshop.de\/en\/wp-json\/wp\/v2\/product"}],"about":[{"href":"https:\/\/zirkonshop.de\/en\/wp-json\/wp\/v2\/types\/product"}],"wp:featuredmedia":[{"embeddable":true,"href":"https:\/\/zirkonshop.de\/en\/wp-json\/wp\/v2\/media\/6700"}],"wp:attachment":[{"href":"https:\/\/zirkonshop.de\/en\/wp-json\/wp\/v2\/media?parent=6928"}],"wp:term":[{"taxonomy":"product_brand","embeddable":true,"href":"https:\/\/zirkonshop.de\/en\/wp-json\/wp\/v2\/product_brand?post=6928"},{"taxonomy":"product_cat","embeddable":true,"href":"https:\/\/zirkonshop.de\/en\/wp-json\/wp\/v2\/product_cat?post=6928"},{"taxonomy":"product_tag","embeddable":true,"href":"https:\/\/zirkonshop.de\/en\/wp-json\/wp\/v2\/product_tag?post=6928"}],"curies":[{"name":"wp","href":"https:\/\/api.w.org\/{rel}","templated":true}]}}