{"id":5834,"date":"2024-06-06T10:10:40","date_gmt":"2024-06-06T08:10:40","guid":{"rendered":"https:\/\/zirkonshop.de\/versand__lieferung\/"},"modified":"2025-01-23T14:11:28","modified_gmt":"2025-01-23T13:11:28","slug":"versand__lieferung","status":"publish","type":"page","link":"https:\/\/zirkonshop.de\/en\/versand__lieferung\/","title":{"rendered":"Versand &#038; Lieferung"},"content":{"rendered":"<p><strong>Preise, Versandkosten und Lieferinformationen<\/strong><\/p>\n<p>Die auf den Produktseiten genannten Preise enthalten die gesetzliche Mehrwertsteuer und sonstige Preisbestandteile.<\/p>\n<p>Wir liefern nur innerhalb Deutschlands.<\/p>\n<p>Zus\u00e4tzlich zu den angegebenen Preisen berechnen wir f\u00fcr die Express-Lieferung innerhalb Deutschlands\u00a0 pauschal [10 Euro pro Bestellung], bei einer Standard-Lieferung \u00fcbernehmen wir die Kosten. Die Versandkosten werden Ihnen im Warenkorbsystem und auf der Bestellseite nochmals deutlich mitgeteilt.<\/p>\n<p>F\u00fcr digitale Inhalte (Gebrauchsanweisungen, Brosch\u00fcren, etc.) fallen keine Versandkosten an.<\/p>\n<p>Die Versandkostenpauschale f\u00fcr Expresslieferungen betr\u00e4gt 10 Euro. Auf die Versandkostenpauschale f\u00e4llt zus\u00e4tzlich die Berechnung der Mehrwertsteuer an. Dieser Betrag ist unabh\u00e4ngig von der Art bzw. Anzahl der gelieferten Waren und ist f\u00fcr Sie demnach auf Ihre Bestellung einfach draufzurechnen. Im Bestellprozess wird diese nochmal deutlich ausgestellt.<\/p>\n","protected":false},"excerpt":{"rendered":"<p>Preise, Versandkosten und Lieferinformationen Die auf den Produktseiten genannten Preise enthalten die gesetzliche Mehrwertsteuer und sonstige Preisbestandteile. Wir liefern nur innerhalb Deutschlands. Zus\u00e4tzlich zu den angegebenen Preisen berechnen wir f\u00fcr die Express-Lieferung innerhalb Deutschlands\u00a0 pauschal [10 Euro pro Bestellung], bei einer Standard-Lieferung \u00fcbernehmen wir die Kosten. Die Versandkosten werden Ihnen im Warenkorbsystem und auf der [&hellip;]<\/p>\n","protected":false},"author":1,"featured_media":0,"parent":0,"menu_order":0,"comment_status":"closed","ping_status":"closed","template":"","meta":{"_acf_changed":false,"footnotes":""},"class_list":["post-5834","page","type-page","status-publish","hentry"],"acf":[],"yoast_head":"<!-- This site is optimized with the Yoast SEO plugin v26.1.1 - https:\/\/yoast.com\/wordpress\/plugins\/seo\/ -->\n<title>Versand &amp; Lieferung - ZirkonShop<\/title>\n<meta name=\"robots\" content=\"index, follow, max-snippet:-1, max-image-preview:large, max-video-preview:-1\" \/>\n<link rel=\"canonical\" href=\"https:\/\/zirkonshop.de\/versand__lieferung\/\" \/>\n<meta property=\"og:locale\" content=\"en_US\" \/>\n<meta property=\"og:type\" content=\"article\" \/>\n<meta property=\"og:title\" content=\"Versand &amp; Lieferung - ZirkonShop\" \/>\n<meta property=\"og:description\" content=\"Preise, Versandkosten und Lieferinformationen Die auf den Produktseiten genannten Preise enthalten die gesetzliche Mehrwertsteuer und sonstige Preisbestandteile. Wir liefern nur innerhalb Deutschlands. Zus\u00e4tzlich zu den angegebenen Preisen berechnen wir f\u00fcr die Express-Lieferung innerhalb Deutschlands\u00a0 pauschal [10 Euro pro Bestellung], bei einer Standard-Lieferung \u00fcbernehmen wir die Kosten. Die Versandkosten werden Ihnen im Warenkorbsystem und auf der [&hellip;]\" \/>\n<meta property=\"og:url\" content=\"https:\/\/zirkonshop.de\/versand__lieferung\/\" \/>\n<meta property=\"og:site_name\" content=\"ZirkonShop\" \/>\n<meta property=\"article:modified_time\" content=\"2025-01-23T13:11:28+00:00\" \/>\n<meta name=\"twitter:card\" content=\"summary_large_image\" \/>\n<meta name=\"twitter:label1\" content=\"Est. reading time\" \/>\n\t<meta name=\"twitter:data1\" content=\"1 minute\" \/>\n<script type=\"application\/ld+json\" class=\"yoast-schema-graph\">{\"@context\":\"https:\/\/schema.org\",\"@graph\":[{\"@type\":\"WebPage\",\"@id\":\"https:\/\/zirkonshop.de\/versand__lieferung\/\",\"url\":\"https:\/\/zirkonshop.de\/versand__lieferung\/\",\"name\":\"Versand & Lieferung - ZirkonShop\",\"isPartOf\":{\"@id\":\"https:\/\/zirkonshop.de\/#website\"},\"datePublished\":\"2024-06-06T08:10:40+00:00\",\"dateModified\":\"2025-01-23T13:11:28+00:00\",\"breadcrumb\":{\"@id\":\"https:\/\/zirkonshop.de\/versand__lieferung\/#breadcrumb\"},\"inLanguage\":\"en-US\",\"potentialAction\":[{\"@type\":\"ReadAction\",\"target\":[\"https:\/\/zirkonshop.de\/versand__lieferung\/\"]}]},{\"@type\":\"BreadcrumbList\",\"@id\":\"https:\/\/zirkonshop.de\/versand__lieferung\/#breadcrumb\",\"itemListElement\":[{\"@type\":\"ListItem\",\"position\":1,\"name\":\"Startseite\",\"item\":\"https:\/\/zirkonshop.de\/en\/startseite\/\"},{\"@type\":\"ListItem\",\"position\":2,\"name\":\"Versand &#038; Lieferung\"}]},{\"@type\":\"WebSite\",\"@id\":\"https:\/\/zirkonshop.de\/#website\",\"url\":\"https:\/\/zirkonshop.de\/\",\"name\":\"ZirkonShop\",\"description\":\"\",\"potentialAction\":[{\"@type\":\"SearchAction\",\"target\":{\"@type\":\"EntryPoint\",\"urlTemplate\":\"https:\/\/zirkonshop.de\/?s={search_term_string}\"},\"query-input\":{\"@type\":\"PropertyValueSpecification\",\"valueRequired\":true,\"valueName\":\"search_term_string\"}}],\"inLanguage\":\"en-US\"}]}<\/script>\n<!-- \/ Yoast SEO plugin. -->","yoast_head_json":{"title":"Versand & Lieferung - ZirkonShop","robots":{"index":"index","follow":"follow","max-snippet":"max-snippet:-1","max-image-preview":"max-image-preview:large","max-video-preview":"max-video-preview:-1"},"canonical":"https:\/\/zirkonshop.de\/versand__lieferung\/","og_locale":"en_US","og_type":"article","og_title":"Versand & Lieferung - ZirkonShop","og_description":"Preise, Versandkosten und Lieferinformationen Die auf den Produktseiten genannten Preise enthalten die gesetzliche Mehrwertsteuer und sonstige Preisbestandteile. Wir liefern nur innerhalb Deutschlands. Zus\u00e4tzlich zu den angegebenen Preisen berechnen wir f\u00fcr die Express-Lieferung innerhalb Deutschlands\u00a0 pauschal [10 Euro pro Bestellung], bei einer Standard-Lieferung \u00fcbernehmen wir die Kosten. Die Versandkosten werden Ihnen im Warenkorbsystem und auf der [&hellip;]","og_url":"https:\/\/zirkonshop.de\/versand__lieferung\/","og_site_name":"ZirkonShop","article_modified_time":"2025-01-23T13:11:28+00:00","twitter_card":"summary_large_image","twitter_misc":{"Est. reading time":"1 minute"},"schema":{"@context":"https:\/\/schema.org","@graph":[{"@type":"WebPage","@id":"https:\/\/zirkonshop.de\/versand__lieferung\/","url":"https:\/\/zirkonshop.de\/versand__lieferung\/","name":"Versand & Lieferung - ZirkonShop","isPartOf":{"@id":"https:\/\/zirkonshop.de\/#website"},"datePublished":"2024-06-06T08:10:40+00:00","dateModified":"2025-01-23T13:11:28+00:00","breadcrumb":{"@id":"https:\/\/zirkonshop.de\/versand__lieferung\/#breadcrumb"},"inLanguage":"en-US","potentialAction":[{"@type":"ReadAction","target":["https:\/\/zirkonshop.de\/versand__lieferung\/"]}]},{"@type":"BreadcrumbList","@id":"https:\/\/zirkonshop.de\/versand__lieferung\/#breadcrumb","itemListElement":[{"@type":"ListItem","position":1,"name":"Startseite","item":"https:\/\/zirkonshop.de\/en\/startseite\/"},{"@type":"ListItem","position":2,"name":"Versand &#038; Lieferung"}]},{"@type":"WebSite","@id":"https:\/\/zirkonshop.de\/#website","url":"https:\/\/zirkonshop.de\/","name":"ZirkonShop","description":"","potentialAction":[{"@type":"SearchAction","target":{"@type":"EntryPoint","urlTemplate":"https:\/\/zirkonshop.de\/?s={search_term_string}"},"query-input":{"@type":"PropertyValueSpecification","valueRequired":true,"valueName":"search_term_string"}}],"inLanguage":"en-US"}]}},"_links":{"self":[{"href":"https:\/\/zirkonshop.de\/en\/wp-json\/wp\/v2\/pages\/5834","targetHints":{"allow":["GET"]}}],"collection":[{"href":"https:\/\/zirkonshop.de\/en\/wp-json\/wp\/v2\/pages"}],"about":[{"href":"https:\/\/zirkonshop.de\/en\/wp-json\/wp\/v2\/types\/page"}],"author":[{"embeddable":true,"href":"https:\/\/zirkonshop.de\/en\/wp-json\/wp\/v2\/users\/1"}],"replies":[{"embeddable":true,"href":"https:\/\/zirkonshop.de\/en\/wp-json\/wp\/v2\/comments?post=5834"}],"version-history":[{"count":2,"href":"https:\/\/zirkonshop.de\/en\/wp-json\/wp\/v2\/pages\/5834\/revisions"}],"predecessor-version":[{"id":7040,"href":"https:\/\/zirkonshop.de\/en\/wp-json\/wp\/v2\/pages\/5834\/revisions\/7040"}],"wp:attachment":[{"href":"https:\/\/zirkonshop.de\/en\/wp-json\/wp\/v2\/media?parent=5834"}],"curies":[{"name":"wp","href":"https:\/\/api.w.org\/{rel}","templated":true}]}}