{"id":5104,"date":"2024-03-25T16:32:50","date_gmt":"2024-03-25T15:32:50","guid":{"rendered":"https:\/\/zirkonshop.de\/about-us\/"},"modified":"2024-04-23T11:11:02","modified_gmt":"2024-04-23T09:11:02","slug":"about-us","status":"publish","type":"page","link":"https:\/\/zirkonshop.de\/en\/about-us\/","title":{"rendered":"About Us"},"content":{"rendered":"\n<h2 class=\"wp-block-heading\">About Us<\/h2>\n\n<p><strong>According to \u00a7 5 TMG<\/strong><\/p>\n\n<div class=\"wp-block-group\" style=\"padding-top:var(--wp--preset--spacing--40);padding-bottom:var(--wp--preset--spacing--50)\"><div class=\"wp-block-group__inner-container is-layout-constrained wp-block-group-is-layout-constrained\">\n<p>Elaboro GmbH<\/p>\n\n\n\n<p>Hagenower Str. 73<\/p>\n\n\n\n<p>19061 Schwerin<\/p>\n\n\n\n<p>Germany<\/p>\n\n\n\n<p>Commercial register: HRB 10395<\/p>\n\n\n\n<p>Registration court: AG Schwerin<\/p>\n<\/div><\/div>\n\n<p><strong>Represented by:<\/strong><\/p>\n\n<p style=\"padding-bottom:var(--wp--preset--spacing--50)\">Michael Schmidt<\/p>\n\n<p><strong>Contact<\/strong><\/p>\n\n<p>Tel:\u200b <a href=\"tel:+49 2038539 2093 20300\" target=\"_blank\" rel=\"noreferrer noopener\">+49 385.39 93 300<\/a><\/p>\n\n<p>Fax:\u200b +49 385.39 93 302<\/p>\n\n<p>E-Mail: <a href=\"mailto:info@elaboro.de\" target=\"_blank\" rel=\"noreferrer noopener\">info@elaboro.de<\/a><\/p>\n\n<p style=\"padding-bottom:var(--wp--preset--spacing--50)\">Website: www.elaboro.de<\/p>\n\n<p><strong>Tax ID<\/strong><\/p>\n\n<p style=\"padding-bottom:var(--wp--preset--spacing--50)\">Sales tax identification number in accordance with Section 27 a of the Sales Tax Act: DE 268 667 611<\/p>\n\n<p><strong>Conception &amp; Realization <\/strong><\/p>\n\n<p>legal.solutions GmbH<\/p>\n\n<p>Gro\u00dfe Hamburger Stra\u00dfe 32<\/p>\n\n<p>10115 Berlin<\/p>\n\n<p style=\"padding-bottom:var(--wp--preset--spacing--50)\">Germany<\/p>\n\n<p><strong>Disclaimer<\/strong><\/p>\n\n<p><strong>Content of the online offer<\/strong><\/p>\n\n<p>The author assumes no liability for the topicality, correctness, completeness or quality of the information provided. Liability claims against the author that relate to material or immaterial damage caused by the use or non-use of the information provided or by the use of incorrect and incomplete information are fundamentally excluded, provided that there is no evidence of intentional or grossly negligent behavior on the part of the author. All offers are non-binding. The author expressly reserves the right to change, supplement or delete parts of the pages or the entire offer without separate notice or to temporarily or permanently stop publication.<\/p>\n\n<p><strong>References and links<\/strong><\/p>\n\n<p>In the case of direct or indirect references to external websites (\"hyperlinks\") that lie outside the author's area of responsibility, a liability obligation would only come into force in the case in which the author is aware of the content and it would be technically possible and reasonable for him to prevent use in the event of illegal content. The author hereby expressly declares that at the time the link was created, no illegal content was recognizable on the linked pages. The author has no influence on the current and future design, content or authorship of the linked\/connected pages. He therefore hereby expressly distances himself from all content on all linked\/connected pages that were changed after the link was created. Diese Feststellung gilt f\u00fcr alle innerhalb des eigenen Internetangebotes gesetzten Links und Verweise sowie f\u00fcr Fremdeintr\u00e4ge in vom Autor eingerichteten G\u00e4steb\u00fcchern, Diskussionsforen, Linkverzeichnissen, Mailinglisten und in allen anderen Formen von Datenbanken, auf deren Inhalt externe Schreibzugriffe m\u00f6glich sind. For illegal, incorrect or incomplete content and in particular for damage resulting from the use or non-use of such information, the provider of the page to which reference was made is solely liable, not the person who merely refers to the respective publication via links.<\/p>\n\n<p><strong>Copyright and trademark law<\/strong><\/p>\n\n<p>The author strives to respect the copyrights of the images, graphics, audio documents, video sequences and texts used in all publications, to use images, graphics, audio documents, video sequences and texts that he has created himself or to use license-free graphics, audio documents, video sequences and texts. All brand names and trademarks mentioned within the website and possibly protected by third parties are subject without restriction to the provisions of the applicable trademark law and the ownership rights of the respective registered owners. The conclusion that trademarks are not protected by third-party rights should not be drawn based on their mere mention! The copyright for published objects created by the author remains solely with the author of the pages. Reproduction or use of such graphics, audio documents, video sequences and texts in other electronic or printed publications is not permitted without the express consent of the author.<\/p>\n\n<p><strong>Legal validity of this disclaimer<\/strong><\/p>\n\n<p>This disclaimer of liability is to be viewed as part of the Internet offering from which reference was made to this page. If parts or individual formulations of this text no longer or not completely correspond to the applicable legal situation, the remaining parts of the document remain unaffected in their content and validity.<\/p>\n","protected":false},"excerpt":{"rendered":"<p>About Us According to \u00a7 5 TMG Elaboro GmbH Hagenower Str. 73 19061 Schwerin Germany Commercial register: HRB 10395 Registration court: AG Schwerin Represented by: Michael Schmidt Contact Tel:\u200b +49 385.39 93 300 Fax:\u200b +49 385.39 93 302 E-Mail: info@elaboro.de Website: www.elaboro.de Tax ID Sales tax identification number in accordance with Section 27 a of [&hellip;]<\/p>\n","protected":false},"author":4,"featured_media":0,"parent":0,"menu_order":0,"comment_status":"closed","ping_status":"closed","template":"","meta":{"_acf_changed":false,"footnotes":""},"class_list":["post-5104","page","type-page","status-publish","hentry"],"acf":[],"yoast_head":"<!-- This site is optimized with the Yoast SEO plugin v26.1.1 - https:\/\/yoast.com\/wordpress\/plugins\/seo\/ -->\n<title>About Us - ZirkonShop<\/title>\n<meta name=\"robots\" content=\"index, follow, max-snippet:-1, max-image-preview:large, max-video-preview:-1\" \/>\n<link rel=\"canonical\" href=\"https:\/\/zirkonshop.de\/impressum\/\" \/>\n<meta property=\"og:locale\" content=\"en_US\" \/>\n<meta property=\"og:type\" content=\"article\" \/>\n<meta property=\"og:title\" content=\"About Us - ZirkonShop\" \/>\n<meta property=\"og:description\" content=\"About Us According to \u00a7 5 TMG Elaboro GmbH Hagenower Str. 73 19061 Schwerin Germany Commercial register: HRB 10395 Registration court: AG Schwerin Represented by: Michael Schmidt Contact Tel:\u200b +49 385.39 93 300 Fax:\u200b +49 385.39 93 302 E-Mail: info@elaboro.de Website: www.elaboro.de Tax ID Sales tax identification number in accordance with Section 27 a of [&hellip;]\" \/>\n<meta property=\"og:url\" content=\"https:\/\/zirkonshop.de\/impressum\/\" \/>\n<meta property=\"og:site_name\" content=\"ZirkonShop\" \/>\n<meta property=\"article:modified_time\" content=\"2024-04-23T09:11:02+00:00\" \/>\n<meta name=\"twitter:card\" content=\"summary_large_image\" \/>\n<meta name=\"twitter:label1\" content=\"Est. reading time\" \/>\n\t<meta name=\"twitter:data1\" content=\"3 minutes\" \/>\n<script type=\"application\/ld+json\" class=\"yoast-schema-graph\">{\"@context\":\"https:\/\/schema.org\",\"@graph\":[{\"@type\":\"WebPage\",\"@id\":\"https:\/\/zirkonshop.de\/impressum\/\",\"url\":\"https:\/\/zirkonshop.de\/impressum\/\",\"name\":\"About Us - ZirkonShop\",\"isPartOf\":{\"@id\":\"https:\/\/zirkonshop.de\/#website\"},\"datePublished\":\"2024-03-25T15:32:50+00:00\",\"dateModified\":\"2024-04-23T09:11:02+00:00\",\"breadcrumb\":{\"@id\":\"https:\/\/zirkonshop.de\/impressum\/#breadcrumb\"},\"inLanguage\":\"en-US\",\"potentialAction\":[{\"@type\":\"ReadAction\",\"target\":[\"https:\/\/zirkonshop.de\/impressum\/\"]}]},{\"@type\":\"BreadcrumbList\",\"@id\":\"https:\/\/zirkonshop.de\/impressum\/#breadcrumb\",\"itemListElement\":[{\"@type\":\"ListItem\",\"position\":1,\"name\":\"Startseite\",\"item\":\"https:\/\/zirkonshop.de\/en\/startseite\/\"},{\"@type\":\"ListItem\",\"position\":2,\"name\":\"About Us\"}]},{\"@type\":\"WebSite\",\"@id\":\"https:\/\/zirkonshop.de\/#website\",\"url\":\"https:\/\/zirkonshop.de\/\",\"name\":\"ZirkonShop\",\"description\":\"\",\"potentialAction\":[{\"@type\":\"SearchAction\",\"target\":{\"@type\":\"EntryPoint\",\"urlTemplate\":\"https:\/\/zirkonshop.de\/?s={search_term_string}\"},\"query-input\":{\"@type\":\"PropertyValueSpecification\",\"valueRequired\":true,\"valueName\":\"search_term_string\"}}],\"inLanguage\":\"en-US\"}]}<\/script>\n<!-- \/ Yoast SEO plugin. -->","yoast_head_json":{"title":"About Us - ZirkonShop","robots":{"index":"index","follow":"follow","max-snippet":"max-snippet:-1","max-image-preview":"max-image-preview:large","max-video-preview":"max-video-preview:-1"},"canonical":"https:\/\/zirkonshop.de\/impressum\/","og_locale":"en_US","og_type":"article","og_title":"About Us - ZirkonShop","og_description":"About Us According to \u00a7 5 TMG Elaboro GmbH Hagenower Str. 73 19061 Schwerin Germany Commercial register: HRB 10395 Registration court: AG Schwerin Represented by: Michael Schmidt Contact Tel:\u200b +49 385.39 93 300 Fax:\u200b +49 385.39 93 302 E-Mail: info@elaboro.de Website: www.elaboro.de Tax ID Sales tax identification number in accordance with Section 27 a of [&hellip;]","og_url":"https:\/\/zirkonshop.de\/impressum\/","og_site_name":"ZirkonShop","article_modified_time":"2024-04-23T09:11:02+00:00","twitter_card":"summary_large_image","twitter_misc":{"Est. reading time":"3 minutes"},"schema":{"@context":"https:\/\/schema.org","@graph":[{"@type":"WebPage","@id":"https:\/\/zirkonshop.de\/impressum\/","url":"https:\/\/zirkonshop.de\/impressum\/","name":"About Us - ZirkonShop","isPartOf":{"@id":"https:\/\/zirkonshop.de\/#website"},"datePublished":"2024-03-25T15:32:50+00:00","dateModified":"2024-04-23T09:11:02+00:00","breadcrumb":{"@id":"https:\/\/zirkonshop.de\/impressum\/#breadcrumb"},"inLanguage":"en-US","potentialAction":[{"@type":"ReadAction","target":["https:\/\/zirkonshop.de\/impressum\/"]}]},{"@type":"BreadcrumbList","@id":"https:\/\/zirkonshop.de\/impressum\/#breadcrumb","itemListElement":[{"@type":"ListItem","position":1,"name":"Startseite","item":"https:\/\/zirkonshop.de\/en\/startseite\/"},{"@type":"ListItem","position":2,"name":"About Us"}]},{"@type":"WebSite","@id":"https:\/\/zirkonshop.de\/#website","url":"https:\/\/zirkonshop.de\/","name":"ZirkonShop","description":"","potentialAction":[{"@type":"SearchAction","target":{"@type":"EntryPoint","urlTemplate":"https:\/\/zirkonshop.de\/?s={search_term_string}"},"query-input":{"@type":"PropertyValueSpecification","valueRequired":true,"valueName":"search_term_string"}}],"inLanguage":"en-US"}]}},"_links":{"self":[{"href":"https:\/\/zirkonshop.de\/en\/wp-json\/wp\/v2\/pages\/5104","targetHints":{"allow":["GET"]}}],"collection":[{"href":"https:\/\/zirkonshop.de\/en\/wp-json\/wp\/v2\/pages"}],"about":[{"href":"https:\/\/zirkonshop.de\/en\/wp-json\/wp\/v2\/types\/page"}],"author":[{"embeddable":true,"href":"https:\/\/zirkonshop.de\/en\/wp-json\/wp\/v2\/users\/4"}],"replies":[{"embeddable":true,"href":"https:\/\/zirkonshop.de\/en\/wp-json\/wp\/v2\/comments?post=5104"}],"version-history":[{"count":0,"href":"https:\/\/zirkonshop.de\/en\/wp-json\/wp\/v2\/pages\/5104\/revisions"}],"wp:attachment":[{"href":"https:\/\/zirkonshop.de\/en\/wp-json\/wp\/v2\/media?parent=5104"}],"curies":[{"name":"wp","href":"https:\/\/api.w.org\/{rel}","templated":true}]}}